{"id":4375,"date":"2014-08-29T02:09:43","date_gmt":"2014-08-29T01:09:43","guid":{"rendered":"https:\/\/www.agrolandsas.com\/contact\/"},"modified":"2025-01-15T12:44:53","modified_gmt":"2025-01-15T11:44:53","slug":"contact-us","status":"publish","type":"page","link":"https:\/\/www.agrolandsas.com\/en\/contact-us\/","title":{"rendered":"Contact us"},"content":{"rendered":"\n<style type=\"text\/css\" data-created_by=\"avia_inline_auto\" id=\"style-css-av-21aar-f67f0402f023a7a5596d954982d781ea\">\n.flex_column.av-21aar-f67f0402f023a7a5596d954982d781ea{\nborder-radius:0px 0px 0px 0px;\npadding:0px 0px 0px 0px;\n}\n<\/style>\n<div  class='flex_column av-21aar-f67f0402f023a7a5596d954982d781ea av_one_half  avia-builder-el-0  el_before_av_one_half  avia-builder-el-first  first flex_column_div av-zero-column-padding  '     ><p>\n<style type=\"text\/css\" data-created_by=\"avia_inline_auto\" id=\"style-css-av-k724a855-1545f4c3f510ac0ab64dd3ce60c0b71f\">\n#top .av-special-heading.av-k724a855-1545f4c3f510ac0ab64dd3ce60c0b71f{\npadding-bottom:10px;\n}\nbody .av-special-heading.av-k724a855-1545f4c3f510ac0ab64dd3ce60c0b71f .av-special-heading-tag .heading-char{\nfont-size:25px;\n}\n.av-special-heading.av-k724a855-1545f4c3f510ac0ab64dd3ce60c0b71f .av-subheading{\nfont-size:15px;\n}\n<\/style>\n<div  class='av-special-heading av-k724a855-1545f4c3f510ac0ab64dd3ce60c0b71f av-special-heading-h2 blockquote modern-quote  avia-builder-el-1  el_before_av_textblock  avia-builder-el-first '><h2 class='av-special-heading-tag '  itemprop=\"headline\"  >Contact us<\/h2><div class=\"special-heading-border\"><div class=\"special-heading-inner-border\"><\/div><\/div><\/div><br \/>\n<section  class='av_textblock_section av-k7249zgx-44918a41a75b55ed8afd3e92b3c0959d '   itemscope=\"itemscope\" itemtype=\"https:\/\/schema.org\/CreativeWork\" ><div class='avia_textblock'  itemprop=\"text\" ><p>Please fill in the contact form below. We&#8217;ll get back to you as soon as possible.<\/p>\n<\/div><\/section><br \/>\n<\/p><\/div>\n<style type=\"text\/css\" data-created_by=\"avia_inline_auto\" id=\"style-css-av-1b6en-e7848e0f9d550481a76179b600bbc3c8\">\n.flex_column.av-1b6en-e7848e0f9d550481a76179b600bbc3c8{\nborder-radius:0px 0px 0px 0px;\npadding:0px 0px 0px 0px;\n}\n<\/style>\n<div  class='flex_column av-1b6en-e7848e0f9d550481a76179b600bbc3c8 av_one_half  avia-builder-el-4  el_after_av_one_half  avia-builder-el-last  flex_column_div av-zero-column-padding  '     ><\/div><\/p>\n","protected":false},"excerpt":{"rendered":"","protected":false},"author":1,"featured_media":0,"parent":0,"menu_order":4,"comment_status":"closed","ping_status":"closed","template":"","meta":{"footnotes":""},"class_list":["post-4375","page","type-page","status-publish","hentry"],"yoast_head":"<!-- This site is optimized with the Yoast SEO plugin v26.5 - https:\/\/yoast.com\/wordpress\/plugins\/seo\/ -->\n<title>Nous contacter - Agroland<\/title>\n<meta name=\"description\" content=\"Vous souhaitez nous contacter ? Un renseignement ? Contactez votre sp\u00e9cialiste Agroland par t\u00e9l\u00e9phone au 0296323207 ou via notre formulaire de contact.\" \/>\n<meta name=\"robots\" content=\"index, follow, max-snippet:-1, max-image-preview:large, max-video-preview:-1\" \/>\n<link rel=\"canonical\" href=\"https:\/\/www.agrolandsas.com\/en\/contact-us\/\" \/>\n<meta property=\"og:locale\" content=\"en_US\" \/>\n<meta property=\"og:type\" content=\"article\" \/>\n<meta property=\"og:title\" content=\"Nous contacter - Agroland\" \/>\n<meta property=\"og:description\" content=\"Vous souhaitez nous contacter ? Un renseignement ? Contactez votre sp\u00e9cialiste Agroland par t\u00e9l\u00e9phone au 0296323207 ou via notre formulaire de contact.\" \/>\n<meta property=\"og:url\" content=\"https:\/\/www.agrolandsas.com\/en\/contact-us\/\" \/>\n<meta property=\"og:site_name\" content=\"Agroland\" \/>\n<meta property=\"article:modified_time\" content=\"2025-01-15T11:44:53+00:00\" \/>\n<meta name=\"twitter:card\" content=\"summary_large_image\" \/>\n<meta name=\"twitter:label1\" content=\"Est. reading time\" \/>\n\t<meta name=\"twitter:data1\" content=\"1 minute\" \/>\n<script type=\"application\/ld+json\" class=\"yoast-schema-graph\">{\"@context\":\"https:\/\/schema.org\",\"@graph\":[{\"@type\":\"WebPage\",\"@id\":\"https:\/\/www.agrolandsas.com\/en\/contact-us\/\",\"url\":\"https:\/\/www.agrolandsas.com\/en\/contact-us\/\",\"name\":\"Nous contacter - Agroland\",\"isPartOf\":{\"@id\":\"https:\/\/www.agrolandsas.com\/#website\"},\"datePublished\":\"2014-08-29T01:09:43+00:00\",\"dateModified\":\"2025-01-15T11:44:53+00:00\",\"description\":\"Vous souhaitez nous contacter ? Un renseignement ? Contactez votre sp\u00e9cialiste Agroland par t\u00e9l\u00e9phone au 0296323207 ou via notre formulaire de contact.\",\"breadcrumb\":{\"@id\":\"https:\/\/www.agrolandsas.com\/en\/contact-us\/#breadcrumb\"},\"inLanguage\":\"en-US\",\"potentialAction\":[{\"@type\":\"ReadAction\",\"target\":[\"https:\/\/www.agrolandsas.com\/en\/contact-us\/\"]}]},{\"@type\":\"BreadcrumbList\",\"@id\":\"https:\/\/www.agrolandsas.com\/en\/contact-us\/#breadcrumb\",\"itemListElement\":[{\"@type\":\"ListItem\",\"position\":1,\"name\":\"Accueil\",\"item\":\"https:\/\/www.agrolandsas.com\/\"},{\"@type\":\"ListItem\",\"position\":2,\"name\":\"Contact us\"}]},{\"@type\":\"WebSite\",\"@id\":\"https:\/\/www.agrolandsas.com\/#website\",\"url\":\"https:\/\/www.agrolandsas.com\/\",\"name\":\"Agroland\",\"description\":\"\",\"potentialAction\":[{\"@type\":\"SearchAction\",\"target\":{\"@type\":\"EntryPoint\",\"urlTemplate\":\"https:\/\/www.agrolandsas.com\/?s={search_term_string}\"},\"query-input\":{\"@type\":\"PropertyValueSpecification\",\"valueRequired\":true,\"valueName\":\"search_term_string\"}}],\"inLanguage\":\"en-US\"}]}<\/script>\n<!-- \/ Yoast SEO plugin. -->","yoast_head_json":{"title":"Nous contacter - Agroland","description":"Vous souhaitez nous contacter ? Un renseignement ? Contactez votre sp\u00e9cialiste Agroland par t\u00e9l\u00e9phone au 0296323207 ou via notre formulaire de contact.","robots":{"index":"index","follow":"follow","max-snippet":"max-snippet:-1","max-image-preview":"max-image-preview:large","max-video-preview":"max-video-preview:-1"},"canonical":"https:\/\/www.agrolandsas.com\/en\/contact-us\/","og_locale":"en_US","og_type":"article","og_title":"Nous contacter - Agroland","og_description":"Vous souhaitez nous contacter ? Un renseignement ? Contactez votre sp\u00e9cialiste Agroland par t\u00e9l\u00e9phone au 0296323207 ou via notre formulaire de contact.","og_url":"https:\/\/www.agrolandsas.com\/en\/contact-us\/","og_site_name":"Agroland","article_modified_time":"2025-01-15T11:44:53+00:00","twitter_card":"summary_large_image","twitter_misc":{"Est. reading time":"1 minute"},"schema":{"@context":"https:\/\/schema.org","@graph":[{"@type":"WebPage","@id":"https:\/\/www.agrolandsas.com\/en\/contact-us\/","url":"https:\/\/www.agrolandsas.com\/en\/contact-us\/","name":"Nous contacter - Agroland","isPartOf":{"@id":"https:\/\/www.agrolandsas.com\/#website"},"datePublished":"2014-08-29T01:09:43+00:00","dateModified":"2025-01-15T11:44:53+00:00","description":"Vous souhaitez nous contacter ? Un renseignement ? Contactez votre sp\u00e9cialiste Agroland par t\u00e9l\u00e9phone au 0296323207 ou via notre formulaire de contact.","breadcrumb":{"@id":"https:\/\/www.agrolandsas.com\/en\/contact-us\/#breadcrumb"},"inLanguage":"en-US","potentialAction":[{"@type":"ReadAction","target":["https:\/\/www.agrolandsas.com\/en\/contact-us\/"]}]},{"@type":"BreadcrumbList","@id":"https:\/\/www.agrolandsas.com\/en\/contact-us\/#breadcrumb","itemListElement":[{"@type":"ListItem","position":1,"name":"Accueil","item":"https:\/\/www.agrolandsas.com\/"},{"@type":"ListItem","position":2,"name":"Contact us"}]},{"@type":"WebSite","@id":"https:\/\/www.agrolandsas.com\/#website","url":"https:\/\/www.agrolandsas.com\/","name":"Agroland","description":"","potentialAction":[{"@type":"SearchAction","target":{"@type":"EntryPoint","urlTemplate":"https:\/\/www.agrolandsas.com\/?s={search_term_string}"},"query-input":{"@type":"PropertyValueSpecification","valueRequired":true,"valueName":"search_term_string"}}],"inLanguage":"en-US"}]}},"_links":{"self":[{"href":"https:\/\/www.agrolandsas.com\/en\/wp-json\/wp\/v2\/pages\/4375","targetHints":{"allow":["GET"]}}],"collection":[{"href":"https:\/\/www.agrolandsas.com\/en\/wp-json\/wp\/v2\/pages"}],"about":[{"href":"https:\/\/www.agrolandsas.com\/en\/wp-json\/wp\/v2\/types\/page"}],"author":[{"embeddable":true,"href":"https:\/\/www.agrolandsas.com\/en\/wp-json\/wp\/v2\/users\/1"}],"replies":[{"embeddable":true,"href":"https:\/\/www.agrolandsas.com\/en\/wp-json\/wp\/v2\/comments?post=4375"}],"version-history":[{"count":3,"href":"https:\/\/www.agrolandsas.com\/en\/wp-json\/wp\/v2\/pages\/4375\/revisions"}],"predecessor-version":[{"id":4594,"href":"https:\/\/www.agrolandsas.com\/en\/wp-json\/wp\/v2\/pages\/4375\/revisions\/4594"}],"wp:attachment":[{"href":"https:\/\/www.agrolandsas.com\/en\/wp-json\/wp\/v2\/media?parent=4375"}],"curies":[{"name":"wp","href":"https:\/\/api.w.org\/{rel}","templated":true}]}}