{"id":4379,"date":"2020-02-25T10:19:29","date_gmt":"2020-02-25T09:19:29","guid":{"rendered":"https:\/\/www.agrolandsas.com\/produits-mineraux-et-commodites\/"},"modified":"2025-01-15T15:42:35","modified_gmt":"2025-01-15T14:42:35","slug":"mineral-products-and-commodities","status":"publish","type":"page","link":"https:\/\/www.agrolandsas.com\/en\/mineral-products-and-commodities\/","title":{"rendered":"Mineral products and commodities"},"content":{"rendered":"<div id='produits_mineraux_negoce'  class='avia-section av-63qj5t-94cd48e8a130d1fb834bd9c220e3b2cd main_color avia-section-default avia-no-border-styling  avia-builder-el-0  el_before_av_section  avia-builder-el-first  avia-bg-style-scroll container_wrap fullsize'  ><div class='container av-section-cont-open' ><main  role=\"main\" itemprop=\"mainContentOfPage\"  class='template-page content  av-content-full alpha units'><div class='post-entry post-entry-type-page post-entry-4379'><div class='entry-content-wrapper clearfix'>\n\n<style type=\"text\/css\" data-created_by=\"avia_inline_auto\" id=\"style-css-av-4smach-b5ef716b1a3d03967242f2983c217b31\">\n.flex_column.av-4smach-b5ef716b1a3d03967242f2983c217b31{\nborder-radius:0px 0px 0px 0px;\npadding:0px 0px 0px 0px;\n}\n<\/style>\n<div  class='flex_column av-4smach-b5ef716b1a3d03967242f2983c217b31 av_one_half  avia-builder-el-1  el_before_av_one_half  avia-builder-el-first  first flex_column_div av-zero-column-padding  '     ><p>\n<style type=\"text\/css\" data-created_by=\"avia_inline_auto\" id=\"style-css-av-m5y0brps-88829be9be2ef633eece30abf9407b15\">\n#top .av-special-heading.av-m5y0brps-88829be9be2ef633eece30abf9407b15{\npadding-bottom:10px;\n}\nbody .av-special-heading.av-m5y0brps-88829be9be2ef633eece30abf9407b15 .av-special-heading-tag .heading-char{\nfont-size:25px;\n}\n.av-special-heading.av-m5y0brps-88829be9be2ef633eece30abf9407b15 .av-subheading{\nfont-size:15px;\n}\n<\/style>\n<div  class='av-special-heading av-m5y0brps-88829be9be2ef633eece30abf9407b15 av-special-heading-h2 blockquote modern-quote  avia-builder-el-2  el_before_av_textblock  avia-builder-el-first '><h2 class='av-special-heading-tag '  itemprop=\"headline\"  >TRADE AND TRANSPORT OF MINERAL PRODUCTS AND COMMODITIES<\/h2><div class=\"special-heading-border\"><div class=\"special-heading-inner-border\"><\/div><\/div><\/div><br \/>\n<section  class='av_textblock_section av-k724fg0h-c2d1d168193d2283d0aa110a8d4a99dc '   itemscope=\"itemscope\" itemtype=\"https:\/\/schema.org\/CreativeWork\" ><div class='avia_textblock'  itemprop=\"text\" ><p>Mineral products, as their names suggest, are fertilizers of mineral origin.<br \/>\nThey are produced by chemical synthesis or by exploiting natural deposits.<br \/>\nCommitted to the conservation of the planet, we have been developing deposits in the circular economy for several years (crushed oyster shells, binary salts, etc.).<\/p>\n<p>We work with manufacturers to qualify their co-product deposits, standardize them and make them usable and valuable in the manufacturing of fertilizers.<br \/>\nTo provide our customers with a complete turnkey solution, we work directly with the world&#8217;s leading manufacturers of commodities and specialties. This enables us to deliver the widest range of bulk and BB fertilizers, and to have permanent sourcing at various ports.<br \/>\nDepending on your needs, we identify and source the raw materials required to manufacture your minerals and organo-minerals.<\/p>\n<\/div><\/section><\/p><\/div>\n<style type=\"text\/css\" data-created_by=\"avia_inline_auto\" id=\"style-css-av-32kpe9-ee2db972d20072ec5298e223cba46c09\">\n.flex_column.av-32kpe9-ee2db972d20072ec5298e223cba46c09{\nborder-radius:0px 0px 0px 0px;\npadding:0px 0px 0px 0px;\n}\n<\/style>\n<div  class='flex_column av-32kpe9-ee2db972d20072ec5298e223cba46c09 av_one_half  avia-builder-el-4  el_after_av_one_half  avia-builder-el-last  flex_column_div av-zero-column-padding  '     ><style type=\"text\/css\" data-created_by=\"avia_inline_auto\" id=\"style-css-av-k724fa0v-f07d0267ad2f7113282d639b5fb8ae4c\">\n.avia-image-container.av-k724fa0v-f07d0267ad2f7113282d639b5fb8ae4c img.avia_image{\nbox-shadow:none;\n}\n.avia-image-container.av-k724fa0v-f07d0267ad2f7113282d639b5fb8ae4c .av-image-caption-overlay-center{\ncolor:#ffffff;\n}\n<\/style>\n<div  class='avia-image-container av-k724fa0v-f07d0267ad2f7113282d639b5fb8ae4c av-styling- avia-align-center  avia-builder-el-5  avia-builder-el-no-sibling '   itemprop=\"image\" itemscope=\"itemscope\" itemtype=\"https:\/\/schema.org\/ImageObject\" ><div class=\"avia-image-container-inner\"><div class=\"avia-image-overlay-wrap\"><img decoding=\"async\" fetchpriority=\"high\" class='wp-image-4334 avia-img-lazy-loading-not-4334 avia_image ' src=\"https:\/\/www.agrolandsas.com\/public\/uploads\/2020\/03\/n\u00e9goces-transport-produits-min\u00e9raux-commodit\u00e9s-495x400.jpg\" alt='' title='n\u00e9goces-transport-produits-min\u00e9raux-commodit\u00e9s'  height=\"400\" width=\"495\"  itemprop=\"thumbnailUrl\"  \/><\/div><\/div><\/div><\/div>\n\n<\/div><\/div><\/main><!-- close content main element --><\/div><\/div>\n<style type=\"text\/css\" data-created_by=\"avia_inline_auto\" id=\"style-css-av-k724tgvb-7ed25ad1661e171ba43cf360964db082\">\n.avia-section.av-k724tgvb-7ed25ad1661e171ba43cf360964db082{\nbackground-color:#9dc83f;\nbackground-image:unset;\n}\n<\/style>\n<div id='contact_bar'  class='avia-section av-k724tgvb-7ed25ad1661e171ba43cf360964db082 alternate_color avia-section-default avia-no-border-styling  avia-builder-el-6  el_after_av_section  el_before_av_section  avia-bg-style-scroll container_wrap fullsize'  ><div class='container av-section-cont-open' ><div class='template-page content  av-content-full alpha units'><div class='post-entry post-entry-type-page post-entry-4379'><div class='entry-content-wrapper clearfix'>\n\n<style type=\"text\/css\" data-created_by=\"avia_inline_auto\" id=\"style-css-av-5n1ysh-89a05f03110f9c1349107b47662b8b75\">\n.flex_column.av-5n1ysh-89a05f03110f9c1349107b47662b8b75{\nborder-radius:0px 0px 0px 0px;\npadding:0px 0px 0px 0px;\n}\n<\/style>\n<div  class='flex_column av-5n1ysh-89a05f03110f9c1349107b47662b8b75 av_one_fifth  avia-builder-el-7  el_before_av_three_fifth  avia-builder-el-first  first flex_column_div av-zero-column-padding  '     ><\/div>\n<style type=\"text\/css\" data-created_by=\"avia_inline_auto\" id=\"style-css-av-44h5rl-60a04f0bd386d04ac125e4679d74b1a8\">\n.flex_column.av-44h5rl-60a04f0bd386d04ac125e4679d74b1a8{\nborder-radius:0px 0px 0px 0px;\npadding:0px 0px 0px 0px;\nbackground-color:#9dc83f;\n}\n<\/style>\n<div  class='flex_column av-44h5rl-60a04f0bd386d04ac125e4679d74b1a8 av_three_fifth  avia-builder-el-8  el_after_av_one_fifth  el_before_av_one_fifth  flex_column_div av-zero-column-padding  '     ><style type=\"text\/css\" data-created_by=\"avia_inline_auto\" id=\"style-css-av-k724ry4f-cb45f1fbca61f0c397a276b6636f3b1d\">\n.av_promobox.av-k724ry4f-cb45f1fbca61f0c397a276b6636f3b1d{\ncolor:#ffffff;\nbackground:#9dc83f;\nborder-color:#9dc83f;\n}\n<\/style>\n<div  class='av_promobox av-k724ry4f-cb45f1fbca61f0c397a276b6636f3b1d avia-button-yes  avia-builder-el-9  avia-builder-el-no-sibling '><div class='avia-promocontent'><p>\nA need, a request for information?<br \/>\nContact your Agroland specialist<\/p>\n<\/div><div  class='avia-button-wrap av-k724ry4f-89e8adce122cd08461d07f83fe2619ce-wrap avia-button-right '><a href='https:\/\/www.agrolandsas.com\/en\/contact-us\/'  class='avia-button av-k724ry4f-89e8adce122cd08461d07f83fe2619ce av-link-btn avia-icon_select-yes-left-icon avia-size-medium avia-position-right avia-color-theme-color'   aria-label=\"Contact us\"><span class='avia_button_icon avia_button_icon_left avia-iconfont avia-font-entypo-fontello' data-av_icon='\ue805' data-av_iconfont='entypo-fontello' ><\/span><span class='avia_iconbox_title' >Contact us<\/span><\/a><\/div><\/div><\/div>\n<style type=\"text\/css\" data-created_by=\"avia_inline_auto\" id=\"style-css-av-1xl0e9-968a5bc9abdb491950fea196fc149f2d\">\n.flex_column.av-1xl0e9-968a5bc9abdb491950fea196fc149f2d{\nborder-radius:0px 0px 0px 0px;\npadding:0px 0px 0px 0px;\n}\n<\/style>\n<div  class='flex_column av-1xl0e9-968a5bc9abdb491950fea196fc149f2d av_one_fifth  avia-builder-el-10  el_after_av_three_fifth  avia-builder-el-last  flex_column_div av-zero-column-padding  '     ><\/div>\n\n<\/div><\/div><\/div><!-- close content main div --><\/div><\/div><div id='exemples_produits_mineraux'  class='avia-section av-k724j9pg-761f075ebb6643956add80d814299a27 alternate_color avia-section-default avia-no-border-styling  avia-builder-el-11  el_after_av_section  avia-builder-el-last  avia-bg-style-scroll container_wrap fullsize'  ><div class='container av-section-cont-open' ><div class='template-page content  av-content-full alpha units'><div class='post-entry post-entry-type-page post-entry-4379'><div class='entry-content-wrapper clearfix'>\n\n<style type=\"text\/css\" data-created_by=\"avia_inline_auto\" id=\"style-css-av-32kpe9-023a1a638de51519538750e9398a45f0\">\n.flex_column.av-32kpe9-023a1a638de51519538750e9398a45f0{\nborder-radius:0px 0px 0px 0px;\npadding:0px 0px 0px 0px;\n}\n<\/style>\n<div  class='flex_column av-32kpe9-023a1a638de51519538750e9398a45f0 av_one_half  avia-builder-el-12  el_before_av_one_half  avia-builder-el-first  first flex_column_div av-zero-column-padding  '     ><p>\n<style type=\"text\/css\" data-created_by=\"avia_inline_auto\" id=\"style-css-av-m5y0f8zv-d39cedb172cf65bca1c2a13eaafef7fe\">\n#top .av-special-heading.av-m5y0f8zv-d39cedb172cf65bca1c2a13eaafef7fe{\npadding-bottom:10px;\n}\nbody .av-special-heading.av-m5y0f8zv-d39cedb172cf65bca1c2a13eaafef7fe .av-special-heading-tag .heading-char{\nfont-size:25px;\n}\n.av-special-heading.av-m5y0f8zv-d39cedb172cf65bca1c2a13eaafef7fe .av-subheading{\nfont-size:15px;\n}\n<\/style>\n<div  class='av-special-heading av-m5y0f8zv-d39cedb172cf65bca1c2a13eaafef7fe av-special-heading-h3 blockquote modern-quote  avia-builder-el-13  el_before_av_textblock  avia-builder-el-first '><h3 class='av-special-heading-tag '  itemprop=\"headline\"  >Some examples of mineral products<\/h3><div class=\"special-heading-border\"><div class=\"special-heading-inner-border\"><\/div><\/div><\/div><br \/>\n<section  class='av_textblock_section av-k724fg0h-c2d1d168193d2283d0aa110a8d4a99dc '   itemscope=\"itemscope\" itemtype=\"https:\/\/schema.org\/CreativeWork\" ><div class='avia_textblock'  itemprop=\"text\" ><ul>\n<li>UAB crushed and dried oyster shells (various sizes)<\/li>\n<li>Mineral gypsum and anhydrite in various sizes<\/li>\n<li>Lithotamme UAB<\/li>\n<li>Shell sand and maerl UAB<\/li>\n<li>Soft natural phosphate UAB<\/li>\n<li>UAB and non-UAB ashes<\/li>\n<li>Potassium chloride Kcl<\/li>\n<li>Crystallized ammonium sulfate<\/li>\n<li>Liquid ammonium sulfate<\/li>\n<li>SA8% and SA15%liquid<\/li>\n<li>DAP\/TSP<\/li>\n<li>Urea 46% (granulated and pearled)<\/li>\n<\/ul>\n<\/div><\/section><\/p><\/div>\n<style type=\"text\/css\" data-created_by=\"avia_inline_auto\" id=\"style-css-av-32kpe9-ee2db972d20072ec5298e223cba46c09\">\n.flex_column.av-32kpe9-ee2db972d20072ec5298e223cba46c09{\nborder-radius:0px 0px 0px 0px;\npadding:0px 0px 0px 0px;\n}\n<\/style>\n<div  class='flex_column av-32kpe9-ee2db972d20072ec5298e223cba46c09 av_one_half  avia-builder-el-15  el_after_av_one_half  el_before_av_one_full  flex_column_div av-zero-column-padding  '     ><section  class='av_textblock_section av-k7fzrm32-d86aeab24eaafd16acfefa095cf5d0c3 '   itemscope=\"itemscope\" itemtype=\"https:\/\/schema.org\/CreativeWork\" ><div class='avia_textblock'  itemprop=\"text\" ><ul>\n<li>Ammonitrates<\/li>\n<li>Liquid thiosulfates<\/li>\n<li>Binary salts<\/li>\n<li>K14 UAB<\/li>\n<li>Potassium sulfate SK52 soluble UAB<\/li>\n<li>MAP Soluble<\/li>\n<li>Kieserite<\/li>\n<li>Clay :\n<ul>\n<li>Zeolite of various granulations<\/li>\n<li>Sepiolite of various granulations<\/li>\n<li>Bentonite<\/li>\n<li>Oligoelements<\/li>\n<\/ul>\n<\/li>\n<\/ul>\n<\/div><\/section><\/div>\n<style type=\"text\/css\" data-created_by=\"avia_inline_auto\" id=\"style-css-av-3vz38z-31880db35745e4ea23c1bf6650150931\">\n.flex_column.av-3vz38z-31880db35745e4ea23c1bf6650150931{\nborder-radius:0px 0px 0px 0px;\npadding:0px 0px 0px 0px;\n}\n<\/style>\n<div  class='flex_column av-3vz38z-31880db35745e4ea23c1bf6650150931 av_one_full  avia-builder-el-17  el_after_av_one_half  avia-builder-el-last  first flex_column_div av-zero-column-padding  column-top-margin'     ><div id='av-masonry-1' class='av-masonry av-k7kq54ad-b4e741821d4f1f8c0b1978f3b610b994 noHover av-fixed-size av-large-gap av-hover-overlay-active av-masonry-animation-active av-masonry-col-3 av-caption-always av-caption-style- av-masonry-gallery ' data-post_id=\"4379\"><div class=\"av-masonry-container isotope av-js-disabled\"><div class='av-masonry-entry isotope-item av-masonry-item-no-image '><\/div><a href=\"https:\/\/www.agrolandsas.com\/public\/uploads\/2020\/03\/produits-min\u00e9raux.jpg\" data-srcset=\"https:\/\/www.agrolandsas.com\/public\/uploads\/2020\/03\/produits-min\u00e9raux.jpg 850w, https:\/\/www.agrolandsas.com\/public\/uploads\/2020\/03\/produits-min\u00e9raux-300x199.jpg 300w, https:\/\/www.agrolandsas.com\/public\/uploads\/2020\/03\/produits-min\u00e9raux-768x509.jpg 768w, https:\/\/www.agrolandsas.com\/public\/uploads\/2020\/03\/produits-min\u00e9raux-705x467.jpg 705w\" data-sizes=\"(max-width: 850px) 100vw, 850px\"  aria-label=\"image produits-min\u00e9raux\"  id='av-masonry-1-item-4338' data-av-masonry-item='4338' class='av-masonry-entry isotope-item post-4338 attachment type-attachment status-inherit hentry  av-masonry-item-with-image av-grid-img' title=\"produits-min\u00e9raux\" alt=\"\"    itemprop=\"thumbnailUrl\" ><div class='av-inner-masonry-sizer'><\/div><figure class='av-inner-masonry main_color'><div class=\"av-masonry-outerimage-container\"><div class='av-masonry-image-container' style=\"background-image: url(https:\/\/www.agrolandsas.com\/public\/uploads\/2020\/03\/produits-min\u00e9raux-705x467.jpg);\"  title=\"produits-min\u00e9raux\" ><\/div><\/div><\/figure><\/a><!--end av-masonry entry--><a href=\"https:\/\/www.agrolandsas.com\/public\/uploads\/2020\/03\/produits-min\u00e9raux2.jpg\" data-srcset=\"https:\/\/www.agrolandsas.com\/public\/uploads\/2020\/03\/produits-min\u00e9raux2.jpg 848w, https:\/\/www.agrolandsas.com\/public\/uploads\/2020\/03\/produits-min\u00e9raux2-300x200.jpg 300w, https:\/\/www.agrolandsas.com\/public\/uploads\/2020\/03\/produits-min\u00e9raux2-768x512.jpg 768w, https:\/\/www.agrolandsas.com\/public\/uploads\/2020\/03\/produits-min\u00e9raux2-705x470.jpg 705w\" data-sizes=\"(max-width: 848px) 100vw, 848px\"  aria-label=\"image produits-min\u00e9raux\"  id='av-masonry-1-item-4340' data-av-masonry-item='4340' class='av-masonry-entry isotope-item post-4340 attachment type-attachment status-inherit hentry  av-masonry-item-with-image av-grid-img' title=\"produits-min\u00e9raux\" alt=\"\"    itemprop=\"thumbnailUrl\" ><div class='av-inner-masonry-sizer'><\/div><figure class='av-inner-masonry main_color'><div class=\"av-masonry-outerimage-container\"><div class='av-masonry-image-container' style=\"background-image: url(https:\/\/www.agrolandsas.com\/public\/uploads\/2020\/03\/produits-min\u00e9raux2-705x470.jpg);\"  title=\"produits-min\u00e9raux\" ><\/div><\/div><\/figure><\/a><!--end av-masonry entry--><a href=\"https:\/\/www.agrolandsas.com\/public\/uploads\/2020\/02\/produits-mineraux-et-commodites.jpg\" data-srcset=\"https:\/\/www.agrolandsas.com\/public\/uploads\/2020\/02\/produits-mineraux-et-commodites.jpg 600w, https:\/\/www.agrolandsas.com\/public\/uploads\/2020\/02\/produits-mineraux-et-commodites-300x185.jpg 300w\" data-sizes=\"(max-width: 600px) 100vw, 600px\"  aria-label=\"image produits-mineraux-et-commodites\"  id='av-masonry-1-item-4294' data-av-masonry-item='4294' class='av-masonry-entry isotope-item post-4294 attachment type-attachment status-inherit hentry  av-masonry-item-with-image av-grid-img' title=\"produits-mineraux-et-commodites\" alt=\"\"    itemprop=\"thumbnailUrl\" ><div class='av-inner-masonry-sizer'><\/div><figure class='av-inner-masonry main_color'><div class=\"av-masonry-outerimage-container\"><div class='av-masonry-image-container' style=\"background-image: url(https:\/\/www.agrolandsas.com\/public\/uploads\/2020\/02\/produits-mineraux-et-commodites.jpg);\"  title=\"produits-mineraux-et-commodites\" ><\/div><\/div><\/figure><\/a><!--end av-masonry entry--><\/div><\/div><\/div>\n","protected":false},"excerpt":{"rendered":"","protected":false},"author":1,"featured_media":0,"parent":0,"menu_order":0,"comment_status":"closed","ping_status":"closed","template":"","meta":{"footnotes":""},"class_list":["post-4379","page","type-page","status-publish","hentry"],"yoast_head":"<!-- This site is optimized with the Yoast SEO plugin v26.5 - https:\/\/yoast.com\/wordpress\/plugins\/seo\/ -->\n<title>Produits Min\u00e9raux et Commodit\u00e9s, Engrais d&#039;origine min\u00e9rales - Agroland<\/title>\n<meta name=\"description\" content=\"Agroland, s\u00e9lectionne et valorise des gisements de co-produits industriels min\u00e9raux pour la fabrication de fertilisants ou engrais.\" \/>\n<meta name=\"robots\" content=\"index, follow, max-snippet:-1, max-image-preview:large, max-video-preview:-1\" \/>\n<link rel=\"canonical\" href=\"https:\/\/www.agrolandsas.com\/en\/mineral-products-and-commodities\/\" \/>\n<meta property=\"og:locale\" content=\"en_US\" \/>\n<meta property=\"og:type\" content=\"article\" \/>\n<meta property=\"og:title\" content=\"Produits Min\u00e9raux et Commodit\u00e9s, Engrais d&#039;origine min\u00e9rales - Agroland\" \/>\n<meta property=\"og:description\" content=\"Agroland, s\u00e9lectionne et valorise des gisements de co-produits industriels min\u00e9raux pour la fabrication de fertilisants ou engrais.\" \/>\n<meta property=\"og:url\" content=\"https:\/\/www.agrolandsas.com\/en\/mineral-products-and-commodities\/\" \/>\n<meta property=\"og:site_name\" content=\"Agroland\" \/>\n<meta property=\"article:modified_time\" content=\"2025-01-15T14:42:35+00:00\" \/>\n<meta name=\"twitter:card\" content=\"summary_large_image\" \/>\n<meta name=\"twitter:label1\" content=\"Est. reading time\" \/>\n\t<meta name=\"twitter:data1\" content=\"2 minutes\" \/>\n<script type=\"application\/ld+json\" class=\"yoast-schema-graph\">{\"@context\":\"https:\/\/schema.org\",\"@graph\":[{\"@type\":\"WebPage\",\"@id\":\"https:\/\/www.agrolandsas.com\/en\/mineral-products-and-commodities\/\",\"url\":\"https:\/\/www.agrolandsas.com\/en\/mineral-products-and-commodities\/\",\"name\":\"Produits Min\u00e9raux et Commodit\u00e9s, Engrais d'origine min\u00e9rales - Agroland\",\"isPartOf\":{\"@id\":\"https:\/\/www.agrolandsas.com\/#website\"},\"datePublished\":\"2020-02-25T09:19:29+00:00\",\"dateModified\":\"2025-01-15T14:42:35+00:00\",\"description\":\"Agroland, s\u00e9lectionne et valorise des gisements de co-produits industriels min\u00e9raux pour la fabrication de fertilisants ou engrais.\",\"breadcrumb\":{\"@id\":\"https:\/\/www.agrolandsas.com\/en\/mineral-products-and-commodities\/#breadcrumb\"},\"inLanguage\":\"en-US\",\"potentialAction\":[{\"@type\":\"ReadAction\",\"target\":[\"https:\/\/www.agrolandsas.com\/en\/mineral-products-and-commodities\/\"]}]},{\"@type\":\"BreadcrumbList\",\"@id\":\"https:\/\/www.agrolandsas.com\/en\/mineral-products-and-commodities\/#breadcrumb\",\"itemListElement\":[{\"@type\":\"ListItem\",\"position\":1,\"name\":\"Accueil\",\"item\":\"https:\/\/www.agrolandsas.com\/\"},{\"@type\":\"ListItem\",\"position\":2,\"name\":\"Mineral products and commodities\"}]},{\"@type\":\"WebSite\",\"@id\":\"https:\/\/www.agrolandsas.com\/#website\",\"url\":\"https:\/\/www.agrolandsas.com\/\",\"name\":\"Agroland\",\"description\":\"\",\"potentialAction\":[{\"@type\":\"SearchAction\",\"target\":{\"@type\":\"EntryPoint\",\"urlTemplate\":\"https:\/\/www.agrolandsas.com\/?s={search_term_string}\"},\"query-input\":{\"@type\":\"PropertyValueSpecification\",\"valueRequired\":true,\"valueName\":\"search_term_string\"}}],\"inLanguage\":\"en-US\"}]}<\/script>\n<!-- \/ Yoast SEO plugin. -->","yoast_head_json":{"title":"Produits Min\u00e9raux et Commodit\u00e9s, Engrais d'origine min\u00e9rales - Agroland","description":"Agroland, s\u00e9lectionne et valorise des gisements de co-produits industriels min\u00e9raux pour la fabrication de fertilisants ou engrais.","robots":{"index":"index","follow":"follow","max-snippet":"max-snippet:-1","max-image-preview":"max-image-preview:large","max-video-preview":"max-video-preview:-1"},"canonical":"https:\/\/www.agrolandsas.com\/en\/mineral-products-and-commodities\/","og_locale":"en_US","og_type":"article","og_title":"Produits Min\u00e9raux et Commodit\u00e9s, Engrais d'origine min\u00e9rales - Agroland","og_description":"Agroland, s\u00e9lectionne et valorise des gisements de co-produits industriels min\u00e9raux pour la fabrication de fertilisants ou engrais.","og_url":"https:\/\/www.agrolandsas.com\/en\/mineral-products-and-commodities\/","og_site_name":"Agroland","article_modified_time":"2025-01-15T14:42:35+00:00","twitter_card":"summary_large_image","twitter_misc":{"Est. reading time":"2 minutes"},"schema":{"@context":"https:\/\/schema.org","@graph":[{"@type":"WebPage","@id":"https:\/\/www.agrolandsas.com\/en\/mineral-products-and-commodities\/","url":"https:\/\/www.agrolandsas.com\/en\/mineral-products-and-commodities\/","name":"Produits Min\u00e9raux et Commodit\u00e9s, Engrais d'origine min\u00e9rales - Agroland","isPartOf":{"@id":"https:\/\/www.agrolandsas.com\/#website"},"datePublished":"2020-02-25T09:19:29+00:00","dateModified":"2025-01-15T14:42:35+00:00","description":"Agroland, s\u00e9lectionne et valorise des gisements de co-produits industriels min\u00e9raux pour la fabrication de fertilisants ou engrais.","breadcrumb":{"@id":"https:\/\/www.agrolandsas.com\/en\/mineral-products-and-commodities\/#breadcrumb"},"inLanguage":"en-US","potentialAction":[{"@type":"ReadAction","target":["https:\/\/www.agrolandsas.com\/en\/mineral-products-and-commodities\/"]}]},{"@type":"BreadcrumbList","@id":"https:\/\/www.agrolandsas.com\/en\/mineral-products-and-commodities\/#breadcrumb","itemListElement":[{"@type":"ListItem","position":1,"name":"Accueil","item":"https:\/\/www.agrolandsas.com\/"},{"@type":"ListItem","position":2,"name":"Mineral products and commodities"}]},{"@type":"WebSite","@id":"https:\/\/www.agrolandsas.com\/#website","url":"https:\/\/www.agrolandsas.com\/","name":"Agroland","description":"","potentialAction":[{"@type":"SearchAction","target":{"@type":"EntryPoint","urlTemplate":"https:\/\/www.agrolandsas.com\/?s={search_term_string}"},"query-input":{"@type":"PropertyValueSpecification","valueRequired":true,"valueName":"search_term_string"}}],"inLanguage":"en-US"}]}},"_links":{"self":[{"href":"https:\/\/www.agrolandsas.com\/en\/wp-json\/wp\/v2\/pages\/4379","targetHints":{"allow":["GET"]}}],"collection":[{"href":"https:\/\/www.agrolandsas.com\/en\/wp-json\/wp\/v2\/pages"}],"about":[{"href":"https:\/\/www.agrolandsas.com\/en\/wp-json\/wp\/v2\/types\/page"}],"author":[{"embeddable":true,"href":"https:\/\/www.agrolandsas.com\/en\/wp-json\/wp\/v2\/users\/1"}],"replies":[{"embeddable":true,"href":"https:\/\/www.agrolandsas.com\/en\/wp-json\/wp\/v2\/comments?post=4379"}],"version-history":[{"count":4,"href":"https:\/\/www.agrolandsas.com\/en\/wp-json\/wp\/v2\/pages\/4379\/revisions"}],"predecessor-version":[{"id":4466,"href":"https:\/\/www.agrolandsas.com\/en\/wp-json\/wp\/v2\/pages\/4379\/revisions\/4466"}],"wp:attachment":[{"href":"https:\/\/www.agrolandsas.com\/en\/wp-json\/wp\/v2\/media?parent=4379"}],"curies":[{"name":"wp","href":"https:\/\/api.w.org\/{rel}","templated":true}]}}