{"id":4383,"date":"2020-02-25T10:19:41","date_gmt":"2020-02-25T09:19:41","guid":{"rendered":"https:\/\/www.agrolandsas.com\/alimentation-animale\/"},"modified":"2025-07-30T16:53:53","modified_gmt":"2025-07-30T15:53:53","slug":"animal-nutrition","status":"publish","type":"page","link":"https:\/\/www.agrolandsas.com\/en\/animal-nutrition\/","title":{"rendered":"Animal nutrition"},"content":{"rendered":"<div id='nutrition_animale'  class='avia-section av-63qj5t-2a45f23d9827db72156b5024556052cb main_color avia-section-default avia-no-border-styling  avia-builder-el-0  el_before_av_section  avia-builder-el-first  avia-bg-style-scroll container_wrap fullsize'  ><div class='container av-section-cont-open' ><main  role=\"main\" itemprop=\"mainContentOfPage\"  class='template-page content  av-content-full alpha units'><div class='post-entry post-entry-type-page post-entry-4383'><div class='entry-content-wrapper clearfix'>\n\n<style type=\"text\/css\" data-created_by=\"avia_inline_auto\" id=\"style-css-av-4smach-b5ef716b1a3d03967242f2983c217b31\">\n.flex_column.av-4smach-b5ef716b1a3d03967242f2983c217b31{\nborder-radius:0px 0px 0px 0px;\npadding:0px 0px 0px 0px;\n}\n<\/style>\n<div  class='flex_column av-4smach-b5ef716b1a3d03967242f2983c217b31 av_one_half  avia-builder-el-1  el_before_av_one_half  avia-builder-el-first  first flex_column_div av-zero-column-padding  '     ><p>\n<style type=\"text\/css\" data-created_by=\"avia_inline_auto\" id=\"style-css-av-3vw385-be86d2b47aa8cba97460a4f5013d73af\">\n#top .av-special-heading.av-3vw385-be86d2b47aa8cba97460a4f5013d73af{\npadding-bottom:10px;\n}\nbody .av-special-heading.av-3vw385-be86d2b47aa8cba97460a4f5013d73af .av-special-heading-tag .heading-char{\nfont-size:25px;\n}\n.av-special-heading.av-3vw385-be86d2b47aa8cba97460a4f5013d73af .av-subheading{\nfont-size:15px;\n}\n<\/style>\n<div  class='av-special-heading av-3vw385-be86d2b47aa8cba97460a4f5013d73af av-special-heading-h2 blockquote modern-quote  avia-builder-el-2  el_before_av_textblock  avia-builder-el-first '><h2 class='av-special-heading-tag '  itemprop=\"headline\"  >Animal nutrition<\/h2><div class=\"special-heading-border\"><div class=\"special-heading-inner-border\"><\/div><\/div><\/div><br \/>\n<section  class='av_textblock_section av-k724fg0h-c2d1d168193d2283d0aa110a8d4a99dc '   itemscope=\"itemscope\" itemtype=\"https:\/\/schema.org\/CreativeWork\" ><div class='avia_textblock'  itemprop=\"text\" ><p>Involved in the circular economy, we have identified raw materials of interest for animal nutrition.<\/p>\n<p>With our industrial partners, we support you in your search for alternative products.<\/p>\n<p>Demanding in terms of quality, we guarantee traceability and specifications for every product used in food production.<\/p>\n<\/div><\/section><br \/>\n\n<style type=\"text\/css\" data-created_by=\"avia_inline_auto\" id=\"style-css-av-m1ug3032-e2d85992f00e65e85914de0c033b17e1\">\n#top .av-special-heading.av-m1ug3032-e2d85992f00e65e85914de0c033b17e1{\npadding-bottom:10px;\n}\nbody .av-special-heading.av-m1ug3032-e2d85992f00e65e85914de0c033b17e1 .av-special-heading-tag .heading-char{\nfont-size:25px;\n}\n.av-special-heading.av-m1ug3032-e2d85992f00e65e85914de0c033b17e1 .av-subheading{\nfont-size:15px;\n}\n<\/style>\n<div  class='av-special-heading av-m1ug3032-e2d85992f00e65e85914de0c033b17e1 av-special-heading-h3 blockquote modern-quote  avia-builder-el-4  el_after_av_textblock  el_before_av_textblock '><h3 class='av-special-heading-tag '  itemprop=\"headline\"  >Agroland is FCA certified<\/h3><div class=\"special-heading-border\"><div class=\"special-heading-inner-border\"><\/div><\/div><\/div><br \/>\n<section  class='av_textblock_section av-m1ug36ba-64021a09cf903058d59f9e461dd38c27 '   itemscope=\"itemscope\" itemtype=\"https:\/\/schema.org\/CreativeWork\" ><div class='avia_textblock'  itemprop=\"text\" ><p><img decoding=\"async\" class=\"alignleft wp-image-4576\" src=\"http:\/\/www.agrolandsas.com\/public\/uploads\/2025\/07\/certif-agroland-1.jpg\" alt=\"\" width=\"110\" height=\"119\" \/><\/p>\n<\/div><\/section><\/p><\/div>\n<style type=\"text\/css\" data-created_by=\"avia_inline_auto\" id=\"style-css-av-32kpe9-ee2db972d20072ec5298e223cba46c09\">\n.flex_column.av-32kpe9-ee2db972d20072ec5298e223cba46c09{\nborder-radius:0px 0px 0px 0px;\npadding:0px 0px 0px 0px;\n}\n<\/style>\n<div  class='flex_column av-32kpe9-ee2db972d20072ec5298e223cba46c09 av_one_half  avia-builder-el-6  el_after_av_one_half  avia-builder-el-last  flex_column_div av-zero-column-padding  '     ><style type=\"text\/css\" data-created_by=\"avia_inline_auto\" id=\"style-css-av-k724fa0v-3123ee00b32473db17fbe465bc9119e9\">\n.avia-image-container.av-k724fa0v-3123ee00b32473db17fbe465bc9119e9 img.avia_image{\nbox-shadow:none;\n}\n.avia-image-container.av-k724fa0v-3123ee00b32473db17fbe465bc9119e9 .av-image-caption-overlay-center{\ncolor:#ffffff;\n}\n<\/style>\n<div  class='avia-image-container av-k724fa0v-3123ee00b32473db17fbe465bc9119e9 av-styling- avia-align-center  avia-builder-el-7  avia-builder-el-no-sibling '   itemprop=\"image\" itemscope=\"itemscope\" itemtype=\"https:\/\/schema.org\/ImageObject\" ><div class=\"avia-image-container-inner\"><div class=\"avia-image-overlay-wrap\"><img decoding=\"async\" fetchpriority=\"high\" class='wp-image-4328 avia-img-lazy-loading-not-4328 avia_image ' src=\"https:\/\/www.agrolandsas.com\/public\/uploads\/2020\/03\/mati\u00e8res-premi\u00e8res-nutrition-animales-495x400.jpg\" alt='' title='mati\u00e8res-premi\u00e8res-nutrition-animales'  height=\"400\" width=\"495\"  itemprop=\"thumbnailUrl\"  \/><\/div><\/div><\/div><\/div><\/div><\/div><\/main><!-- close content main element --><\/div><\/div>\n<style type=\"text\/css\" data-created_by=\"avia_inline_auto\" id=\"style-css-av-k724tgvb-7ed25ad1661e171ba43cf360964db082\">\n.avia-section.av-k724tgvb-7ed25ad1661e171ba43cf360964db082{\nbackground-color:#9dc83f;\nbackground-image:unset;\n}\n<\/style>\n<div id='contact_bar'  class='avia-section av-k724tgvb-7ed25ad1661e171ba43cf360964db082 alternate_color avia-section-default avia-no-border-styling  avia-builder-el-8  el_after_av_section  el_before_av_section  avia-bg-style-scroll container_wrap fullsize'  ><div class='container av-section-cont-open' ><div class='template-page content  av-content-full alpha units'><div class='post-entry post-entry-type-page post-entry-4383'><div class='entry-content-wrapper clearfix'>\n\n<style type=\"text\/css\" data-created_by=\"avia_inline_auto\" id=\"style-css-av-5n1ysh-89a05f03110f9c1349107b47662b8b75\">\n.flex_column.av-5n1ysh-89a05f03110f9c1349107b47662b8b75{\nborder-radius:0px 0px 0px 0px;\npadding:0px 0px 0px 0px;\n}\n<\/style>\n<div  class='flex_column av-5n1ysh-89a05f03110f9c1349107b47662b8b75 av_one_fifth  avia-builder-el-9  el_before_av_three_fifth  avia-builder-el-first  first flex_column_div av-zero-column-padding  '     ><\/div>\n<style type=\"text\/css\" data-created_by=\"avia_inline_auto\" id=\"style-css-av-44h5rl-6df8521ed4e46942ad4d99322796bd45\">\n.flex_column.av-44h5rl-6df8521ed4e46942ad4d99322796bd45{\nborder-radius:0px 0px 0px 0px;\npadding:20px 20px 20px 20px;\nbackground-color:#9dc83f;\n}\n<\/style>\n<div  class='flex_column av-44h5rl-6df8521ed4e46942ad4d99322796bd45 av_three_fifth  avia-builder-el-10  el_after_av_one_fifth  el_before_av_one_fifth  flex_column_div  '     ><style type=\"text\/css\" data-created_by=\"avia_inline_auto\" id=\"style-css-av-k724ry4f-2ac23acd136338f1b0f55b71290414ca\">\n.av_promobox.av-k724ry4f-2ac23acd136338f1b0f55b71290414ca{\ncolor:#ffffff;\nbackground:#9dc83f;\nborder-color:#9dc83f;\n}\n<\/style>\n<div  class='av_promobox av-k724ry4f-2ac23acd136338f1b0f55b71290414ca avia-button-yes  avia-builder-el-11  avia-builder-el-no-sibling '><div class='avia-promocontent'><p>\nA need, a request for information?<br \/>\nContact your Agroland specialist<\/p>\n<\/div><div  class='avia-button-wrap av-k724ry4f-531376f58083de8695e1befaa46523ad-wrap avia-button-right '><a href='https:\/\/www.agrolandsas.com\/en\/contact-us\/'  class='avia-button av-k724ry4f-531376f58083de8695e1befaa46523ad av-link-btn avia-icon_select-yes-left-icon avia-size-medium avia-position-right avia-color-theme-color'   aria-label=\"Contact us\"><span class='avia_button_icon avia_button_icon_left avia-iconfont avia-font-entypo-fontello' data-av_icon='\ue805' data-av_iconfont='entypo-fontello' ><\/span><span class='avia_iconbox_title' >Contact us<\/span><\/a><\/div><\/div><\/div>\n<style type=\"text\/css\" data-created_by=\"avia_inline_auto\" id=\"style-css-av-1xl0e9-968a5bc9abdb491950fea196fc149f2d\">\n.flex_column.av-1xl0e9-968a5bc9abdb491950fea196fc149f2d{\nborder-radius:0px 0px 0px 0px;\npadding:0px 0px 0px 0px;\n}\n<\/style>\n<div  class='flex_column av-1xl0e9-968a5bc9abdb491950fea196fc149f2d av_one_fifth  avia-builder-el-12  el_after_av_three_fifth  avia-builder-el-last  flex_column_div av-zero-column-padding  '     ><\/div>\n<\/p>\n<\/div><\/div><\/div><!-- close content main div --><\/div><\/div>\n<style type=\"text\/css\" data-created_by=\"avia_inline_auto\" id=\"style-css-av-k724j9pg-84e2489a3d5317aaf1e366822b968464\">\n.avia-section.av-k724j9pg-84e2489a3d5317aaf1e366822b968464{\nbackground-color:#fafafa;\nbackground-image:unset;\n}\n<\/style>\n<div id='exemples_matieres_nutrition'  class='avia-section av-k724j9pg-84e2489a3d5317aaf1e366822b968464 alternate_color avia-section-default avia-no-border-styling  avia-builder-el-13  el_after_av_section  avia-builder-el-last  avia-bg-style-scroll container_wrap fullsize'  ><div class='container av-section-cont-open' ><div class='template-page content  av-content-full alpha units'><div class='post-entry post-entry-type-page post-entry-4383'><div class='entry-content-wrapper clearfix'>\n\n<style type=\"text\/css\" data-created_by=\"avia_inline_auto\" id=\"style-css-av-32kpe9-3-f47511128c048799e3a06141fc4dbce6\">\n.flex_column.av-32kpe9-3-f47511128c048799e3a06141fc4dbce6{\nborder-radius:0px 0px 0px 0px;\npadding:0px 0px 0px 0px;\n}\n<\/style>\n<div  class='flex_column av-32kpe9-3-f47511128c048799e3a06141fc4dbce6 av_one_half  avia-builder-el-14  el_before_av_one_half  avia-builder-el-first  first flex_column_div av-zero-column-padding  '     ><p>\n<style type=\"text\/css\" data-created_by=\"avia_inline_auto\" id=\"style-css-av-1x67zp-4203910139c9851b231bff0ce986a780\">\n#top .av-special-heading.av-1x67zp-4203910139c9851b231bff0ce986a780{\npadding-bottom:10px;\n}\nbody .av-special-heading.av-1x67zp-4203910139c9851b231bff0ce986a780 .av-special-heading-tag .heading-char{\nfont-size:25px;\n}\n.av-special-heading.av-1x67zp-4203910139c9851b231bff0ce986a780 .av-subheading{\nfont-size:15px;\n}\n<\/style>\n<div  class='av-special-heading av-1x67zp-4203910139c9851b231bff0ce986a780 av-special-heading-h3 blockquote modern-quote  avia-builder-el-15  el_before_av_image  avia-builder-el-first '><h3 class='av-special-heading-tag '  itemprop=\"headline\"  >Some examples of raw materials for animal nutrition<\/h3><div class=\"special-heading-border\"><div class=\"special-heading-inner-border\"><\/div><\/div><\/div><br \/>\n\n<style type=\"text\/css\" data-created_by=\"avia_inline_auto\" id=\"style-css-av-k724fa0v-2-ac681263dc40ff11dc37677e5e0f7590\">\n.avia-image-container.av-k724fa0v-2-ac681263dc40ff11dc37677e5e0f7590 img.avia_image{\nbox-shadow:none;\n}\n.avia-image-container.av-k724fa0v-2-ac681263dc40ff11dc37677e5e0f7590 .av-image-caption-overlay-center{\ncolor:#ffffff;\n}\n<\/style>\n<div  class='avia-image-container av-k724fa0v-2-ac681263dc40ff11dc37677e5e0f7590 av-styling- avia-align-center  avia-builder-el-16  el_after_av_heading  avia-builder-el-last '   itemprop=\"image\" itemscope=\"itemscope\" itemtype=\"https:\/\/schema.org\/ImageObject\" ><div class=\"avia-image-container-inner\"><div class=\"avia-image-overlay-wrap\"><img decoding=\"async\" fetchpriority=\"high\" class='wp-image-4322 avia-img-lazy-loading-not-4322 avia_image ' src=\"https:\/\/www.agrolandsas.com\/public\/uploads\/2020\/03\/mati\u00e8res-premi\u00e8res-alimention-animale-495x400.jpg\" alt='' title='mati\u00e8res-premi\u00e8res-alimention-animale'  height=\"400\" width=\"495\"  itemprop=\"thumbnailUrl\"  \/><\/div><\/div><\/div><\/p><\/div>\n<style type=\"text\/css\" data-created_by=\"avia_inline_auto\" id=\"style-css-av-32kpe9-1-8fd069ed8e37211f1deb07e015c6440e\">\n.flex_column.av-32kpe9-1-8fd069ed8e37211f1deb07e015c6440e{\nborder-radius:0px 0px 0px 0px;\npadding:0px 0px 0px 0px;\n}\n<\/style>\n<div  class='flex_column av-32kpe9-1-8fd069ed8e37211f1deb07e015c6440e av_one_half  avia-builder-el-17  el_after_av_one_half  avia-builder-el-last  flex_column_div av-zero-column-padding  '     ><section  class='av_textblock_section av-k724fg0h-4-3a0daa6ee0fe497cd23cb1acd5f3ebb1 '   itemscope=\"itemscope\" itemtype=\"https:\/\/schema.org\/CreativeWork\" ><div class='avia_textblock'  itemprop=\"text\" ><ul>\n<li>Scales and flour of oysters<\/li>\n<li>Crushed and dried shell sand<\/li>\n<li>Grape pulp<\/li>\n<li>Vinasse for food use<\/li>\n<li>Corn gluten feed<\/li>\n<li>Ground cocoa shells<\/li>\n<li>Clay :\n<ul>\n<li>Zeolites of various granulations<\/li>\n<li>Bentonite<\/li>\n<li>Sepiolites of various granulations<\/li>\n<\/ul>\n<\/li>\n<\/ul>\n<\/div><\/section><\/div>\n\n","protected":false},"excerpt":{"rendered":"","protected":false},"author":1,"featured_media":0,"parent":0,"menu_order":0,"comment_status":"closed","ping_status":"closed","template":"","meta":{"footnotes":""},"class_list":["post-4383","page","type-page","status-publish","hentry"],"yoast_head":"<!-- This site is optimized with the Yoast SEO plugin v26.5 - https:\/\/yoast.com\/wordpress\/plugins\/seo\/ -->\n<title>Mati\u00e8res premi\u00e8res pour Alimentation Animale - Agroland<\/title>\n<meta name=\"description\" content=\"Agroland, sp\u00e9cialiste de la nutrition animale. Sourcing et s\u00e9lection des meilleures mati\u00e8res premi\u00e8res pour une alimentation animale de qualit\u00e9.\" \/>\n<meta name=\"robots\" content=\"index, follow, max-snippet:-1, max-image-preview:large, max-video-preview:-1\" \/>\n<link rel=\"canonical\" href=\"https:\/\/www.agrolandsas.com\/en\/animal-nutrition\/\" \/>\n<meta property=\"og:locale\" content=\"en_US\" \/>\n<meta property=\"og:type\" content=\"article\" \/>\n<meta property=\"og:title\" content=\"Mati\u00e8res premi\u00e8res pour Alimentation Animale - Agroland\" \/>\n<meta property=\"og:description\" content=\"Agroland, sp\u00e9cialiste de la nutrition animale. Sourcing et s\u00e9lection des meilleures mati\u00e8res premi\u00e8res pour une alimentation animale de qualit\u00e9.\" \/>\n<meta property=\"og:url\" content=\"https:\/\/www.agrolandsas.com\/en\/animal-nutrition\/\" \/>\n<meta property=\"og:site_name\" content=\"Agroland\" \/>\n<meta property=\"article:modified_time\" content=\"2025-07-30T15:53:53+00:00\" \/>\n<meta property=\"og:image\" content=\"https:\/\/www.agrolandsas.com\/public\/uploads\/2025\/07\/certif-agroland-1.jpg\" \/>\n\t<meta property=\"og:image:width\" content=\"216\" \/>\n\t<meta property=\"og:image:height\" content=\"234\" \/>\n\t<meta property=\"og:image:type\" content=\"image\/jpeg\" \/>\n<meta name=\"twitter:card\" content=\"summary_large_image\" \/>\n<meta name=\"twitter:label1\" content=\"Est. reading time\" \/>\n\t<meta name=\"twitter:data1\" content=\"2 minutes\" \/>\n<script type=\"application\/ld+json\" class=\"yoast-schema-graph\">{\"@context\":\"https:\/\/schema.org\",\"@graph\":[{\"@type\":\"WebPage\",\"@id\":\"https:\/\/www.agrolandsas.com\/en\/animal-nutrition\/\",\"url\":\"https:\/\/www.agrolandsas.com\/en\/animal-nutrition\/\",\"name\":\"Mati\u00e8res premi\u00e8res pour Alimentation Animale - Agroland\",\"isPartOf\":{\"@id\":\"https:\/\/www.agrolandsas.com\/#website\"},\"primaryImageOfPage\":{\"@id\":\"https:\/\/www.agrolandsas.com\/en\/animal-nutrition\/#primaryimage\"},\"image\":{\"@id\":\"https:\/\/www.agrolandsas.com\/en\/animal-nutrition\/#primaryimage\"},\"thumbnailUrl\":\"http:\/\/www.agrolandsas.com\/public\/uploads\/2025\/07\/certif-agroland-1.jpg\",\"datePublished\":\"2020-02-25T09:19:41+00:00\",\"dateModified\":\"2025-07-30T15:53:53+00:00\",\"description\":\"Agroland, sp\u00e9cialiste de la nutrition animale. Sourcing et s\u00e9lection des meilleures mati\u00e8res premi\u00e8res pour une alimentation animale de qualit\u00e9.\",\"breadcrumb\":{\"@id\":\"https:\/\/www.agrolandsas.com\/en\/animal-nutrition\/#breadcrumb\"},\"inLanguage\":\"en-US\",\"potentialAction\":[{\"@type\":\"ReadAction\",\"target\":[\"https:\/\/www.agrolandsas.com\/en\/animal-nutrition\/\"]}]},{\"@type\":\"ImageObject\",\"inLanguage\":\"en-US\",\"@id\":\"https:\/\/www.agrolandsas.com\/en\/animal-nutrition\/#primaryimage\",\"url\":\"http:\/\/www.agrolandsas.com\/public\/uploads\/2025\/07\/certif-agroland-1.jpg\",\"contentUrl\":\"http:\/\/www.agrolandsas.com\/public\/uploads\/2025\/07\/certif-agroland-1.jpg\"},{\"@type\":\"BreadcrumbList\",\"@id\":\"https:\/\/www.agrolandsas.com\/en\/animal-nutrition\/#breadcrumb\",\"itemListElement\":[{\"@type\":\"ListItem\",\"position\":1,\"name\":\"Accueil\",\"item\":\"https:\/\/www.agrolandsas.com\/\"},{\"@type\":\"ListItem\",\"position\":2,\"name\":\"Animal nutrition\"}]},{\"@type\":\"WebSite\",\"@id\":\"https:\/\/www.agrolandsas.com\/#website\",\"url\":\"https:\/\/www.agrolandsas.com\/\",\"name\":\"Agroland\",\"description\":\"\",\"potentialAction\":[{\"@type\":\"SearchAction\",\"target\":{\"@type\":\"EntryPoint\",\"urlTemplate\":\"https:\/\/www.agrolandsas.com\/?s={search_term_string}\"},\"query-input\":{\"@type\":\"PropertyValueSpecification\",\"valueRequired\":true,\"valueName\":\"search_term_string\"}}],\"inLanguage\":\"en-US\"}]}<\/script>\n<!-- \/ Yoast SEO plugin. -->","yoast_head_json":{"title":"Mati\u00e8res premi\u00e8res pour Alimentation Animale - Agroland","description":"Agroland, sp\u00e9cialiste de la nutrition animale. Sourcing et s\u00e9lection des meilleures mati\u00e8res premi\u00e8res pour une alimentation animale de qualit\u00e9.","robots":{"index":"index","follow":"follow","max-snippet":"max-snippet:-1","max-image-preview":"max-image-preview:large","max-video-preview":"max-video-preview:-1"},"canonical":"https:\/\/www.agrolandsas.com\/en\/animal-nutrition\/","og_locale":"en_US","og_type":"article","og_title":"Mati\u00e8res premi\u00e8res pour Alimentation Animale - Agroland","og_description":"Agroland, sp\u00e9cialiste de la nutrition animale. Sourcing et s\u00e9lection des meilleures mati\u00e8res premi\u00e8res pour une alimentation animale de qualit\u00e9.","og_url":"https:\/\/www.agrolandsas.com\/en\/animal-nutrition\/","og_site_name":"Agroland","article_modified_time":"2025-07-30T15:53:53+00:00","og_image":[{"width":216,"height":234,"url":"https:\/\/www.agrolandsas.com\/public\/uploads\/2025\/07\/certif-agroland-1.jpg","type":"image\/jpeg"}],"twitter_card":"summary_large_image","twitter_misc":{"Est. reading time":"2 minutes"},"schema":{"@context":"https:\/\/schema.org","@graph":[{"@type":"WebPage","@id":"https:\/\/www.agrolandsas.com\/en\/animal-nutrition\/","url":"https:\/\/www.agrolandsas.com\/en\/animal-nutrition\/","name":"Mati\u00e8res premi\u00e8res pour Alimentation Animale - Agroland","isPartOf":{"@id":"https:\/\/www.agrolandsas.com\/#website"},"primaryImageOfPage":{"@id":"https:\/\/www.agrolandsas.com\/en\/animal-nutrition\/#primaryimage"},"image":{"@id":"https:\/\/www.agrolandsas.com\/en\/animal-nutrition\/#primaryimage"},"thumbnailUrl":"http:\/\/www.agrolandsas.com\/public\/uploads\/2025\/07\/certif-agroland-1.jpg","datePublished":"2020-02-25T09:19:41+00:00","dateModified":"2025-07-30T15:53:53+00:00","description":"Agroland, sp\u00e9cialiste de la nutrition animale. Sourcing et s\u00e9lection des meilleures mati\u00e8res premi\u00e8res pour une alimentation animale de qualit\u00e9.","breadcrumb":{"@id":"https:\/\/www.agrolandsas.com\/en\/animal-nutrition\/#breadcrumb"},"inLanguage":"en-US","potentialAction":[{"@type":"ReadAction","target":["https:\/\/www.agrolandsas.com\/en\/animal-nutrition\/"]}]},{"@type":"ImageObject","inLanguage":"en-US","@id":"https:\/\/www.agrolandsas.com\/en\/animal-nutrition\/#primaryimage","url":"http:\/\/www.agrolandsas.com\/public\/uploads\/2025\/07\/certif-agroland-1.jpg","contentUrl":"http:\/\/www.agrolandsas.com\/public\/uploads\/2025\/07\/certif-agroland-1.jpg"},{"@type":"BreadcrumbList","@id":"https:\/\/www.agrolandsas.com\/en\/animal-nutrition\/#breadcrumb","itemListElement":[{"@type":"ListItem","position":1,"name":"Accueil","item":"https:\/\/www.agrolandsas.com\/"},{"@type":"ListItem","position":2,"name":"Animal nutrition"}]},{"@type":"WebSite","@id":"https:\/\/www.agrolandsas.com\/#website","url":"https:\/\/www.agrolandsas.com\/","name":"Agroland","description":"","potentialAction":[{"@type":"SearchAction","target":{"@type":"EntryPoint","urlTemplate":"https:\/\/www.agrolandsas.com\/?s={search_term_string}"},"query-input":{"@type":"PropertyValueSpecification","valueRequired":true,"valueName":"search_term_string"}}],"inLanguage":"en-US"}]}},"_links":{"self":[{"href":"https:\/\/www.agrolandsas.com\/en\/wp-json\/wp\/v2\/pages\/4383","targetHints":{"allow":["GET"]}}],"collection":[{"href":"https:\/\/www.agrolandsas.com\/en\/wp-json\/wp\/v2\/pages"}],"about":[{"href":"https:\/\/www.agrolandsas.com\/en\/wp-json\/wp\/v2\/types\/page"}],"author":[{"embeddable":true,"href":"https:\/\/www.agrolandsas.com\/en\/wp-json\/wp\/v2\/users\/1"}],"replies":[{"embeddable":true,"href":"https:\/\/www.agrolandsas.com\/en\/wp-json\/wp\/v2\/comments?post=4383"}],"version-history":[{"count":6,"href":"https:\/\/www.agrolandsas.com\/en\/wp-json\/wp\/v2\/pages\/4383\/revisions"}],"predecessor-version":[{"id":4464,"href":"https:\/\/www.agrolandsas.com\/en\/wp-json\/wp\/v2\/pages\/4383\/revisions\/4464"}],"wp:attachment":[{"href":"https:\/\/www.agrolandsas.com\/en\/wp-json\/wp\/v2\/media?parent=4383"}],"curies":[{"name":"wp","href":"https:\/\/api.w.org\/{rel}","templated":true}]}}