{"id":4408,"date":"2020-02-25T10:19:41","date_gmt":"2020-02-25T09:19:41","guid":{"rendered":"https:\/\/www.agrolandsas.com\/alimentation-animale\/"},"modified":"2025-07-30T16:53:29","modified_gmt":"2025-07-30T15:53:29","slug":"nutricion-animal","status":"publish","type":"page","link":"https:\/\/www.agrolandsas.com\/es\/nutricion-animal\/","title":{"rendered":"Nutrici\u00f3n animal"},"content":{"rendered":"<div id='nutrition_animale'  class='avia-section av-63qj5t-2a45f23d9827db72156b5024556052cb main_color avia-section-default avia-no-border-styling  avia-builder-el-0  el_before_av_section  avia-builder-el-first  avia-bg-style-scroll container_wrap fullsize'  ><div class='container av-section-cont-open' ><main  role=\"main\" itemprop=\"mainContentOfPage\"  class='template-page content  av-content-full alpha units'><div class='post-entry post-entry-type-page post-entry-4408'><div class='entry-content-wrapper clearfix'>\n\n<style type=\"text\/css\" data-created_by=\"avia_inline_auto\" id=\"style-css-av-4smach-b5ef716b1a3d03967242f2983c217b31\">\n.flex_column.av-4smach-b5ef716b1a3d03967242f2983c217b31{\nborder-radius:0px 0px 0px 0px;\npadding:0px 0px 0px 0px;\n}\n<\/style>\n<div  class='flex_column av-4smach-b5ef716b1a3d03967242f2983c217b31 av_one_half  avia-builder-el-1  el_before_av_one_half  avia-builder-el-first  first flex_column_div av-zero-column-padding  '     ><p>\n<style type=\"text\/css\" data-created_by=\"avia_inline_auto\" id=\"style-css-av-3vw385-986eec02c913f62606c82ab79d2317dd\">\n#top .av-special-heading.av-3vw385-986eec02c913f62606c82ab79d2317dd{\npadding-bottom:10px;\n}\nbody .av-special-heading.av-3vw385-986eec02c913f62606c82ab79d2317dd .av-special-heading-tag .heading-char{\nfont-size:25px;\n}\n.av-special-heading.av-3vw385-986eec02c913f62606c82ab79d2317dd .av-subheading{\nfont-size:15px;\n}\n<\/style>\n<div  class='av-special-heading av-3vw385-986eec02c913f62606c82ab79d2317dd av-special-heading-h2 blockquote modern-quote  avia-builder-el-2  el_before_av_textblock  avia-builder-el-first '><h2 class='av-special-heading-tag '  itemprop=\"headline\"  >Nutrici\u00f3n animal<\/h2><div class=\"special-heading-border\"><div class=\"special-heading-inner-border\"><\/div><\/div><\/div><br \/>\n<section  class='av_textblock_section av-k724fg0h-c2d1d168193d2283d0aa110a8d4a99dc '   itemscope=\"itemscope\" itemtype=\"https:\/\/schema.org\/CreativeWork\" ><div class='avia_textblock'  itemprop=\"text\" ><p>Como actor de la econom\u00eda circular, hemos identificado materias primas de inter\u00e9s para la nutrici\u00f3n animal.<\/p>\n<p>Con nuestros socios industriales, le acompa\u00f1amos en la b\u00fasqueda de productos alternativos.<\/p>\n<p>Exigiendo calidad, garantizamos trazabilidad y un pliego de condiciones para cada producto<br \/>\nRelacionado con la producci\u00f3n de alimentos.<\/p>\n<\/div><\/section><br \/>\n\n<style type=\"text\/css\" data-created_by=\"avia_inline_auto\" id=\"style-css-av-m1ug3032-3cbe70f4d1a985f1fc2295f3963ec4e3\">\n#top .av-special-heading.av-m1ug3032-3cbe70f4d1a985f1fc2295f3963ec4e3{\npadding-bottom:10px;\n}\nbody .av-special-heading.av-m1ug3032-3cbe70f4d1a985f1fc2295f3963ec4e3 .av-special-heading-tag .heading-char{\nfont-size:25px;\n}\n.av-special-heading.av-m1ug3032-3cbe70f4d1a985f1fc2295f3963ec4e3 .av-subheading{\nfont-size:15px;\n}\n<\/style>\n<div  class='av-special-heading av-m1ug3032-3cbe70f4d1a985f1fc2295f3963ec4e3 av-special-heading-h3 blockquote modern-quote  avia-builder-el-4  el_after_av_textblock  el_before_av_textblock '><h3 class='av-special-heading-tag '  itemprop=\"headline\"  >Agroland est\u00e1 certificado por la FCA.<\/h3><div class=\"special-heading-border\"><div class=\"special-heading-inner-border\"><\/div><\/div><\/div><br \/>\n<section  class='av_textblock_section av-m1ug36ba-64021a09cf903058d59f9e461dd38c27 '   itemscope=\"itemscope\" itemtype=\"https:\/\/schema.org\/CreativeWork\" ><div class='avia_textblock'  itemprop=\"text\" ><p><a href=\"https:\/\/www.ovocom.be\/s\/certificatie\/gecertificieerde-bedrijven?language=fr\" target=\"_blank\" rel=\"noopener\"><img decoding=\"async\" class=\"alignleft wp-image-4577\" src=\"http:\/\/www.agrolandsas.com\/public\/uploads\/2025\/07\/certif-agroland-1.jpg\" alt=\"\" width=\"124\" height=\"135\" \/><\/a><\/p>\n<\/div><\/section><\/p><\/div>\n<style type=\"text\/css\" data-created_by=\"avia_inline_auto\" id=\"style-css-av-32kpe9-ee2db972d20072ec5298e223cba46c09\">\n.flex_column.av-32kpe9-ee2db972d20072ec5298e223cba46c09{\nborder-radius:0px 0px 0px 0px;\npadding:0px 0px 0px 0px;\n}\n<\/style>\n<div  class='flex_column av-32kpe9-ee2db972d20072ec5298e223cba46c09 av_one_half  avia-builder-el-6  el_after_av_one_half  avia-builder-el-last  flex_column_div av-zero-column-padding  '     ><style type=\"text\/css\" data-created_by=\"avia_inline_auto\" id=\"style-css-av-k724fa0v-0f9330473c948b9e84958e48e6ef86e8\">\n.avia-image-container.av-k724fa0v-0f9330473c948b9e84958e48e6ef86e8 img.avia_image{\nbox-shadow:none;\n}\n.avia-image-container.av-k724fa0v-0f9330473c948b9e84958e48e6ef86e8 .av-image-caption-overlay-center{\ncolor:#ffffff;\n}\n<\/style>\n<div  class='avia-image-container av-k724fa0v-0f9330473c948b9e84958e48e6ef86e8 av-styling- avia-align-center  avia-builder-el-7  avia-builder-el-no-sibling '   itemprop=\"image\" itemscope=\"itemscope\" itemtype=\"https:\/\/schema.org\/ImageObject\" ><div class=\"avia-image-container-inner\"><div class=\"avia-image-overlay-wrap\"><img decoding=\"async\" fetchpriority=\"high\" class='wp-image-4329 avia-img-lazy-loading-not-4329 avia_image ' src=\"https:\/\/www.agrolandsas.com\/public\/uploads\/2020\/03\/mati\u00e8res-premi\u00e8res-nutrition-animales-495x400.jpg\" alt='' title='mati\u00e8res-premi\u00e8res-nutrition-animales'  height=\"400\" width=\"495\"  itemprop=\"thumbnailUrl\"  \/><\/div><\/div><\/div><\/div><\/div><\/div><\/main><!-- close content main element --><\/div><\/div>\n<style type=\"text\/css\" data-created_by=\"avia_inline_auto\" id=\"style-css-av-k724tgvb-7ed25ad1661e171ba43cf360964db082\">\n.avia-section.av-k724tgvb-7ed25ad1661e171ba43cf360964db082{\nbackground-color:#9dc83f;\nbackground-image:unset;\n}\n<\/style>\n<div id='contact_bar'  class='avia-section av-k724tgvb-7ed25ad1661e171ba43cf360964db082 alternate_color avia-section-default avia-no-border-styling  avia-builder-el-8  el_after_av_section  el_before_av_section  avia-bg-style-scroll container_wrap fullsize'  ><div class='container av-section-cont-open' ><div class='template-page content  av-content-full alpha units'><div class='post-entry post-entry-type-page post-entry-4408'><div class='entry-content-wrapper clearfix'>\n\n<style type=\"text\/css\" data-created_by=\"avia_inline_auto\" id=\"style-css-av-5n1ysh-89a05f03110f9c1349107b47662b8b75\">\n.flex_column.av-5n1ysh-89a05f03110f9c1349107b47662b8b75{\nborder-radius:0px 0px 0px 0px;\npadding:0px 0px 0px 0px;\n}\n<\/style>\n<div  class='flex_column av-5n1ysh-89a05f03110f9c1349107b47662b8b75 av_one_fifth  avia-builder-el-9  el_before_av_three_fifth  avia-builder-el-first  first flex_column_div av-zero-column-padding  '     ><\/div>\n<style type=\"text\/css\" data-created_by=\"avia_inline_auto\" id=\"style-css-av-44h5rl-6df8521ed4e46942ad4d99322796bd45\">\n.flex_column.av-44h5rl-6df8521ed4e46942ad4d99322796bd45{\nborder-radius:0px 0px 0px 0px;\npadding:20px 20px 20px 20px;\nbackground-color:#9dc83f;\n}\n<\/style>\n<div  class='flex_column av-44h5rl-6df8521ed4e46942ad4d99322796bd45 av_three_fifth  avia-builder-el-10  el_after_av_one_fifth  el_before_av_one_fifth  flex_column_div  '     ><style type=\"text\/css\" data-created_by=\"avia_inline_auto\" id=\"style-css-av-k724ry4f-355158501eaf261f0c6f35e49140a0a4\">\n.av_promobox.av-k724ry4f-355158501eaf261f0c6f35e49140a0a4{\ncolor:#ffffff;\nbackground:#9dc83f;\nborder-color:#9dc83f;\n}\n<\/style>\n<div  class='av_promobox av-k724ry4f-355158501eaf261f0c6f35e49140a0a4 avia-button-yes  avia-builder-el-11  avia-builder-el-no-sibling '><div class='avia-promocontent'><p>\n\u00bfUna necesidad, una petici\u00f3n de informaci\u00f3n?<br \/>\nContacta con tu especialista en Agroland<\/p>\n<\/div><div  class='avia-button-wrap av-k724ry4f-f6767ada24d508b9f8cf0af536717ea8-wrap avia-button-right '><a href='https:\/\/www.agrolandsas.com\/es\/contactenos\/'  class='avia-button av-k724ry4f-f6767ada24d508b9f8cf0af536717ea8 av-link-btn avia-icon_select-yes-left-icon avia-size-medium avia-position-right avia-color-theme-color'   aria-label=\"Cont\u00e1ctenos\"><span class='avia_button_icon avia_button_icon_left avia-iconfont avia-font-entypo-fontello' data-av_icon='\ue805' data-av_iconfont='entypo-fontello' ><\/span><span class='avia_iconbox_title' >Cont\u00e1ctenos<\/span><\/a><\/div><\/div><\/div>\n<style type=\"text\/css\" data-created_by=\"avia_inline_auto\" id=\"style-css-av-1xl0e9-968a5bc9abdb491950fea196fc149f2d\">\n.flex_column.av-1xl0e9-968a5bc9abdb491950fea196fc149f2d{\nborder-radius:0px 0px 0px 0px;\npadding:0px 0px 0px 0px;\n}\n<\/style>\n<div  class='flex_column av-1xl0e9-968a5bc9abdb491950fea196fc149f2d av_one_fifth  avia-builder-el-12  el_after_av_three_fifth  avia-builder-el-last  flex_column_div av-zero-column-padding  '     ><\/div>\n<\/p>\n<\/div><\/div><\/div><!-- close content main div --><\/div><\/div>\n<style type=\"text\/css\" data-created_by=\"avia_inline_auto\" id=\"style-css-av-k724j9pg-84e2489a3d5317aaf1e366822b968464\">\n.avia-section.av-k724j9pg-84e2489a3d5317aaf1e366822b968464{\nbackground-color:#fafafa;\nbackground-image:unset;\n}\n<\/style>\n<div id='exemples_matieres_nutrition'  class='avia-section av-k724j9pg-84e2489a3d5317aaf1e366822b968464 alternate_color avia-section-default avia-no-border-styling  avia-builder-el-13  el_after_av_section  avia-builder-el-last  avia-bg-style-scroll container_wrap fullsize'  ><div class='container av-section-cont-open' ><div class='template-page content  av-content-full alpha units'><div class='post-entry post-entry-type-page post-entry-4408'><div class='entry-content-wrapper clearfix'>\n\n<style type=\"text\/css\" data-created_by=\"avia_inline_auto\" id=\"style-css-av-32kpe9-3-f47511128c048799e3a06141fc4dbce6\">\n.flex_column.av-32kpe9-3-f47511128c048799e3a06141fc4dbce6{\nborder-radius:0px 0px 0px 0px;\npadding:0px 0px 0px 0px;\n}\n<\/style>\n<div  class='flex_column av-32kpe9-3-f47511128c048799e3a06141fc4dbce6 av_one_half  avia-builder-el-14  el_before_av_one_half  avia-builder-el-first  first flex_column_div av-zero-column-padding  '     ><p>\n<style type=\"text\/css\" data-created_by=\"avia_inline_auto\" id=\"style-css-av-1x67zp-8902d0a93f6e203331bb877e135cae28\">\n#top .av-special-heading.av-1x67zp-8902d0a93f6e203331bb877e135cae28{\npadding-bottom:10px;\n}\nbody .av-special-heading.av-1x67zp-8902d0a93f6e203331bb877e135cae28 .av-special-heading-tag .heading-char{\nfont-size:25px;\n}\n.av-special-heading.av-1x67zp-8902d0a93f6e203331bb877e135cae28 .av-subheading{\nfont-size:15px;\n}\n<\/style>\n<div  class='av-special-heading av-1x67zp-8902d0a93f6e203331bb877e135cae28 av-special-heading-h3 blockquote modern-quote  avia-builder-el-15  el_before_av_image  avia-builder-el-first '><h3 class='av-special-heading-tag '  itemprop=\"headline\"  >Algunos ejemplos de materias primas para la alimentaci\u00f3n animal<\/h3><div class=\"special-heading-border\"><div class=\"special-heading-inner-border\"><\/div><\/div><\/div><br \/>\n\n<style type=\"text\/css\" data-created_by=\"avia_inline_auto\" id=\"style-css-av-k724fa0v-2-3dbe3e5dc6ac22e4225bb4263808abf7\">\n.avia-image-container.av-k724fa0v-2-3dbe3e5dc6ac22e4225bb4263808abf7 img.avia_image{\nbox-shadow:none;\n}\n.avia-image-container.av-k724fa0v-2-3dbe3e5dc6ac22e4225bb4263808abf7 .av-image-caption-overlay-center{\ncolor:#ffffff;\n}\n<\/style>\n<div  class='avia-image-container av-k724fa0v-2-3dbe3e5dc6ac22e4225bb4263808abf7 av-styling- avia-align-center  avia-builder-el-16  el_after_av_heading  avia-builder-el-last '   itemprop=\"image\" itemscope=\"itemscope\" itemtype=\"https:\/\/schema.org\/ImageObject\" ><div class=\"avia-image-container-inner\"><div class=\"avia-image-overlay-wrap\"><img decoding=\"async\" fetchpriority=\"high\" class='wp-image-4323 avia-img-lazy-loading-not-4323 avia_image ' src=\"https:\/\/www.agrolandsas.com\/public\/uploads\/2020\/03\/mati\u00e8res-premi\u00e8res-alimention-animale-495x400.jpg\" alt='' title='mati\u00e8res-premi\u00e8res-alimention-animale'  height=\"400\" width=\"495\"  itemprop=\"thumbnailUrl\"  \/><\/div><\/div><\/div><\/p><\/div>\n<style type=\"text\/css\" data-created_by=\"avia_inline_auto\" id=\"style-css-av-32kpe9-1-8fd069ed8e37211f1deb07e015c6440e\">\n.flex_column.av-32kpe9-1-8fd069ed8e37211f1deb07e015c6440e{\nborder-radius:0px 0px 0px 0px;\npadding:0px 0px 0px 0px;\n}\n<\/style>\n<div  class='flex_column av-32kpe9-1-8fd069ed8e37211f1deb07e015c6440e av_one_half  avia-builder-el-17  el_after_av_one_half  avia-builder-el-last  flex_column_div av-zero-column-padding  '     ><section  class='av_textblock_section av-k724fg0h-4-3a0daa6ee0fe497cd23cb1acd5f3ebb1 '   itemscope=\"itemscope\" itemtype=\"https:\/\/schema.org\/CreativeWork\" ><div class='avia_textblock'  itemprop=\"text\" ><ul>\n<li>Escamas y harina de ostras<\/li>\n<li>Arena de concha triturada y secada<\/li>\n<li>Pulpa de uva<\/li>\n<li>Vinaza alimentaria<\/li>\n<li>Corn Gluten Feed de ma\u00edz<\/li>\n<li>C\u00e1scaras de cacao trituradas<\/li>\n<li>Arcilla :\n<ul>\n<li>Zeolitas de diferentes granulometr\u00edas<\/li>\n<li>Bentonita<\/li>\n<li>Sepiolitas de diferentes granulometr\u00edas<\/li>\n<\/ul>\n<\/li>\n<\/ul>\n<\/div><\/section><\/div>\n\n","protected":false},"excerpt":{"rendered":"","protected":false},"author":1,"featured_media":0,"parent":0,"menu_order":0,"comment_status":"closed","ping_status":"closed","template":"","meta":{"footnotes":""},"class_list":["post-4408","page","type-page","status-publish","hentry"],"yoast_head":"<!-- This site is optimized with the Yoast SEO plugin v26.5 - https:\/\/yoast.com\/wordpress\/plugins\/seo\/ -->\n<title>Mati\u00e8res premi\u00e8res pour Alimentation Animale - Agroland<\/title>\n<meta name=\"description\" content=\"Agroland, sp\u00e9cialiste de la nutrition animale. Sourcing et s\u00e9lection des meilleures mati\u00e8res premi\u00e8res pour une alimentation animale de qualit\u00e9.\" \/>\n<meta name=\"robots\" content=\"index, follow, max-snippet:-1, max-image-preview:large, max-video-preview:-1\" \/>\n<link rel=\"canonical\" href=\"https:\/\/www.agrolandsas.com\/es\/nutricion-animal\/\" \/>\n<meta property=\"og:locale\" content=\"es_ES\" \/>\n<meta property=\"og:type\" content=\"article\" \/>\n<meta property=\"og:title\" content=\"Mati\u00e8res premi\u00e8res pour Alimentation Animale - Agroland\" \/>\n<meta property=\"og:description\" content=\"Agroland, sp\u00e9cialiste de la nutrition animale. Sourcing et s\u00e9lection des meilleures mati\u00e8res premi\u00e8res pour une alimentation animale de qualit\u00e9.\" \/>\n<meta property=\"og:url\" content=\"https:\/\/www.agrolandsas.com\/es\/nutricion-animal\/\" \/>\n<meta property=\"og:site_name\" content=\"Agroland\" \/>\n<meta property=\"article:modified_time\" content=\"2025-07-30T15:53:29+00:00\" \/>\n<meta property=\"og:image\" content=\"https:\/\/www.agrolandsas.com\/public\/uploads\/2025\/07\/certif-agroland-1.jpg\" \/>\n\t<meta property=\"og:image:width\" content=\"216\" \/>\n\t<meta property=\"og:image:height\" content=\"234\" \/>\n\t<meta property=\"og:image:type\" content=\"image\/jpeg\" \/>\n<meta name=\"twitter:card\" content=\"summary_large_image\" \/>\n<meta name=\"twitter:label1\" content=\"Tiempo de lectura\" \/>\n\t<meta name=\"twitter:data1\" content=\"2 minutos\" \/>\n<script type=\"application\/ld+json\" class=\"yoast-schema-graph\">{\"@context\":\"https:\/\/schema.org\",\"@graph\":[{\"@type\":\"WebPage\",\"@id\":\"https:\/\/www.agrolandsas.com\/es\/nutricion-animal\/\",\"url\":\"https:\/\/www.agrolandsas.com\/es\/nutricion-animal\/\",\"name\":\"Mati\u00e8res premi\u00e8res pour Alimentation Animale - Agroland\",\"isPartOf\":{\"@id\":\"https:\/\/www.agrolandsas.com\/#website\"},\"primaryImageOfPage\":{\"@id\":\"https:\/\/www.agrolandsas.com\/es\/nutricion-animal\/#primaryimage\"},\"image\":{\"@id\":\"https:\/\/www.agrolandsas.com\/es\/nutricion-animal\/#primaryimage\"},\"thumbnailUrl\":\"http:\/\/www.agrolandsas.com\/public\/uploads\/2025\/07\/certif-agroland-1.jpg\",\"datePublished\":\"2020-02-25T09:19:41+00:00\",\"dateModified\":\"2025-07-30T15:53:29+00:00\",\"description\":\"Agroland, sp\u00e9cialiste de la nutrition animale. Sourcing et s\u00e9lection des meilleures mati\u00e8res premi\u00e8res pour une alimentation animale de qualit\u00e9.\",\"breadcrumb\":{\"@id\":\"https:\/\/www.agrolandsas.com\/es\/nutricion-animal\/#breadcrumb\"},\"inLanguage\":\"es\",\"potentialAction\":[{\"@type\":\"ReadAction\",\"target\":[\"https:\/\/www.agrolandsas.com\/es\/nutricion-animal\/\"]}]},{\"@type\":\"ImageObject\",\"inLanguage\":\"es\",\"@id\":\"https:\/\/www.agrolandsas.com\/es\/nutricion-animal\/#primaryimage\",\"url\":\"http:\/\/www.agrolandsas.com\/public\/uploads\/2025\/07\/certif-agroland-1.jpg\",\"contentUrl\":\"http:\/\/www.agrolandsas.com\/public\/uploads\/2025\/07\/certif-agroland-1.jpg\"},{\"@type\":\"BreadcrumbList\",\"@id\":\"https:\/\/www.agrolandsas.com\/es\/nutricion-animal\/#breadcrumb\",\"itemListElement\":[{\"@type\":\"ListItem\",\"position\":1,\"name\":\"Accueil\",\"item\":\"https:\/\/www.agrolandsas.com\/\"},{\"@type\":\"ListItem\",\"position\":2,\"name\":\"Nutrici\u00f3n animal\"}]},{\"@type\":\"WebSite\",\"@id\":\"https:\/\/www.agrolandsas.com\/#website\",\"url\":\"https:\/\/www.agrolandsas.com\/\",\"name\":\"Agroland\",\"description\":\"\",\"potentialAction\":[{\"@type\":\"SearchAction\",\"target\":{\"@type\":\"EntryPoint\",\"urlTemplate\":\"https:\/\/www.agrolandsas.com\/?s={search_term_string}\"},\"query-input\":{\"@type\":\"PropertyValueSpecification\",\"valueRequired\":true,\"valueName\":\"search_term_string\"}}],\"inLanguage\":\"es\"}]}<\/script>\n<!-- \/ Yoast SEO plugin. -->","yoast_head_json":{"title":"Mati\u00e8res premi\u00e8res pour Alimentation Animale - Agroland","description":"Agroland, sp\u00e9cialiste de la nutrition animale. Sourcing et s\u00e9lection des meilleures mati\u00e8res premi\u00e8res pour une alimentation animale de qualit\u00e9.","robots":{"index":"index","follow":"follow","max-snippet":"max-snippet:-1","max-image-preview":"max-image-preview:large","max-video-preview":"max-video-preview:-1"},"canonical":"https:\/\/www.agrolandsas.com\/es\/nutricion-animal\/","og_locale":"es_ES","og_type":"article","og_title":"Mati\u00e8res premi\u00e8res pour Alimentation Animale - Agroland","og_description":"Agroland, sp\u00e9cialiste de la nutrition animale. Sourcing et s\u00e9lection des meilleures mati\u00e8res premi\u00e8res pour une alimentation animale de qualit\u00e9.","og_url":"https:\/\/www.agrolandsas.com\/es\/nutricion-animal\/","og_site_name":"Agroland","article_modified_time":"2025-07-30T15:53:29+00:00","og_image":[{"width":216,"height":234,"url":"https:\/\/www.agrolandsas.com\/public\/uploads\/2025\/07\/certif-agroland-1.jpg","type":"image\/jpeg"}],"twitter_card":"summary_large_image","twitter_misc":{"Tiempo de lectura":"2 minutos"},"schema":{"@context":"https:\/\/schema.org","@graph":[{"@type":"WebPage","@id":"https:\/\/www.agrolandsas.com\/es\/nutricion-animal\/","url":"https:\/\/www.agrolandsas.com\/es\/nutricion-animal\/","name":"Mati\u00e8res premi\u00e8res pour Alimentation Animale - Agroland","isPartOf":{"@id":"https:\/\/www.agrolandsas.com\/#website"},"primaryImageOfPage":{"@id":"https:\/\/www.agrolandsas.com\/es\/nutricion-animal\/#primaryimage"},"image":{"@id":"https:\/\/www.agrolandsas.com\/es\/nutricion-animal\/#primaryimage"},"thumbnailUrl":"http:\/\/www.agrolandsas.com\/public\/uploads\/2025\/07\/certif-agroland-1.jpg","datePublished":"2020-02-25T09:19:41+00:00","dateModified":"2025-07-30T15:53:29+00:00","description":"Agroland, sp\u00e9cialiste de la nutrition animale. Sourcing et s\u00e9lection des meilleures mati\u00e8res premi\u00e8res pour une alimentation animale de qualit\u00e9.","breadcrumb":{"@id":"https:\/\/www.agrolandsas.com\/es\/nutricion-animal\/#breadcrumb"},"inLanguage":"es","potentialAction":[{"@type":"ReadAction","target":["https:\/\/www.agrolandsas.com\/es\/nutricion-animal\/"]}]},{"@type":"ImageObject","inLanguage":"es","@id":"https:\/\/www.agrolandsas.com\/es\/nutricion-animal\/#primaryimage","url":"http:\/\/www.agrolandsas.com\/public\/uploads\/2025\/07\/certif-agroland-1.jpg","contentUrl":"http:\/\/www.agrolandsas.com\/public\/uploads\/2025\/07\/certif-agroland-1.jpg"},{"@type":"BreadcrumbList","@id":"https:\/\/www.agrolandsas.com\/es\/nutricion-animal\/#breadcrumb","itemListElement":[{"@type":"ListItem","position":1,"name":"Accueil","item":"https:\/\/www.agrolandsas.com\/"},{"@type":"ListItem","position":2,"name":"Nutrici\u00f3n animal"}]},{"@type":"WebSite","@id":"https:\/\/www.agrolandsas.com\/#website","url":"https:\/\/www.agrolandsas.com\/","name":"Agroland","description":"","potentialAction":[{"@type":"SearchAction","target":{"@type":"EntryPoint","urlTemplate":"https:\/\/www.agrolandsas.com\/?s={search_term_string}"},"query-input":{"@type":"PropertyValueSpecification","valueRequired":true,"valueName":"search_term_string"}}],"inLanguage":"es"}]}},"_links":{"self":[{"href":"https:\/\/www.agrolandsas.com\/es\/wp-json\/wp\/v2\/pages\/4408","targetHints":{"allow":["GET"]}}],"collection":[{"href":"https:\/\/www.agrolandsas.com\/es\/wp-json\/wp\/v2\/pages"}],"about":[{"href":"https:\/\/www.agrolandsas.com\/es\/wp-json\/wp\/v2\/types\/page"}],"author":[{"embeddable":true,"href":"https:\/\/www.agrolandsas.com\/es\/wp-json\/wp\/v2\/users\/1"}],"replies":[{"embeddable":true,"href":"https:\/\/www.agrolandsas.com\/es\/wp-json\/wp\/v2\/comments?post=4408"}],"version-history":[{"count":6,"href":"https:\/\/www.agrolandsas.com\/es\/wp-json\/wp\/v2\/pages\/4408\/revisions"}],"predecessor-version":[{"id":4581,"href":"https:\/\/www.agrolandsas.com\/es\/wp-json\/wp\/v2\/pages\/4408\/revisions\/4581"}],"wp:attachment":[{"href":"https:\/\/www.agrolandsas.com\/es\/wp-json\/wp\/v2\/media?parent=4408"}],"curies":[{"name":"wp","href":"https:\/\/api.w.org\/{rel}","templated":true}]}}