{"id":4412,"date":"2020-02-25T10:19:50","date_gmt":"2020-02-25T09:19:50","guid":{"rendered":"https:\/\/www.agrolandsas.com\/energie\/"},"modified":"2025-01-15T16:47:34","modified_gmt":"2025-01-15T15:47:34","slug":"energia","status":"publish","type":"page","link":"https:\/\/www.agrolandsas.com\/es\/energia\/","title":{"rendered":"Energ\u00eda"},"content":{"rendered":"<div id='lenergie'  class='avia-section av-63qj5t-946ae313145fc4695703007ddefb4a9e main_color avia-section-default avia-no-border-styling  avia-builder-el-0  el_before_av_section  avia-builder-el-first  avia-bg-style-scroll container_wrap fullsize'  ><div class='container av-section-cont-open' ><main  role=\"main\" itemprop=\"mainContentOfPage\"  class='template-page content  av-content-full alpha units'><div class='post-entry post-entry-type-page post-entry-4412'><div class='entry-content-wrapper clearfix'>\n\n<style type=\"text\/css\" data-created_by=\"avia_inline_auto\" id=\"style-css-av-4smach-b5ef716b1a3d03967242f2983c217b31\">\n.flex_column.av-4smach-b5ef716b1a3d03967242f2983c217b31{\nborder-radius:0px 0px 0px 0px;\npadding:0px 0px 0px 0px;\n}\n<\/style>\n<div  class='flex_column av-4smach-b5ef716b1a3d03967242f2983c217b31 av_one_half  avia-builder-el-1  el_before_av_one_half  avia-builder-el-first  first flex_column_div av-zero-column-padding  '     ><p>\n<style type=\"text\/css\" data-created_by=\"avia_inline_auto\" id=\"style-css-av-3qkh2v-f4289077029475419b2c58fd108b58bd\">\n#top .av-special-heading.av-3qkh2v-f4289077029475419b2c58fd108b58bd{\npadding-bottom:10px;\n}\nbody .av-special-heading.av-3qkh2v-f4289077029475419b2c58fd108b58bd .av-special-heading-tag .heading-char{\nfont-size:25px;\n}\n.av-special-heading.av-3qkh2v-f4289077029475419b2c58fd108b58bd .av-subheading{\nfont-size:15px;\n}\n<\/style>\n<div  class='av-special-heading av-3qkh2v-f4289077029475419b2c58fd108b58bd av-special-heading-h2 blockquote modern-quote  avia-builder-el-2  el_before_av_textblock  avia-builder-el-first '><h2 class='av-special-heading-tag '  itemprop=\"headline\"  >Energ\u00eda<\/h2><div class=\"special-heading-border\"><div class=\"special-heading-inner-border\"><\/div><\/div><\/div><br \/>\n<section  class='av_textblock_section av-k724fg0h-c2d1d168193d2283d0aa110a8d4a99dc '   itemscope=\"itemscope\" itemtype=\"https:\/\/schema.org\/CreativeWork\" ><div class='avia_textblock'  itemprop=\"text\" ><p>Con nuestras asociaciones industriales, recolectamos y valorizamos materias primas, co-productos, as\u00ed como subproductos y residuos. Para estos \u00faltimos, trabajamos en toda Francia con unidades de digesti\u00f3n anaer\u00f3bica y calderas de biomasa.<\/p>\n<p>Gracias a nuestra log\u00edstica reactiva y adaptada, recolectamos y entregamos estos subproductos y residuos a nuestros clientes productores de energ\u00eda.<\/p>\n<p>Tambi\u00e9n estamos comprometidos con estos productores de energ\u00eda para la valorizaci\u00f3n de Sus digestatos y cenizas.<\/p>\n<\/div><\/section><\/p><\/div>\n<style type=\"text\/css\" data-created_by=\"avia_inline_auto\" id=\"style-css-av-32kpe9-ee2db972d20072ec5298e223cba46c09\">\n.flex_column.av-32kpe9-ee2db972d20072ec5298e223cba46c09{\nborder-radius:0px 0px 0px 0px;\npadding:0px 0px 0px 0px;\n}\n<\/style>\n<div  class='flex_column av-32kpe9-ee2db972d20072ec5298e223cba46c09 av_one_half  avia-builder-el-4  el_after_av_one_half  avia-builder-el-last  flex_column_div av-zero-column-padding  '     ><style type=\"text\/css\" data-created_by=\"avia_inline_auto\" id=\"style-css-av-k724fa0v-b4ca575821c665b1b97a8839df363f6b\">\n.avia-image-container.av-k724fa0v-b4ca575821c665b1b97a8839df363f6b img.avia_image{\nbox-shadow:none;\n}\n.avia-image-container.av-k724fa0v-b4ca575821c665b1b97a8839df363f6b .av-image-caption-overlay-center{\ncolor:#ffffff;\n}\n<\/style>\n<div  class='avia-image-container av-k724fa0v-b4ca575821c665b1b97a8839df363f6b av-styling- avia-align-center  avia-builder-el-5  avia-builder-el-no-sibling '   itemprop=\"image\" itemscope=\"itemscope\" itemtype=\"https:\/\/schema.org\/ImageObject\" ><div class=\"avia-image-container-inner\"><div class=\"avia-image-overlay-wrap\"><img decoding=\"async\" fetchpriority=\"high\" class='wp-image-4333 avia-img-lazy-loading-not-4333 avia_image ' src=\"https:\/\/www.agrolandsas.com\/public\/uploads\/2020\/03\/m\u00e9thanisation-chaudi\u00e8res-biomasses-495x400.jpg\" alt='' title='m\u00e9thanisation-chaudi\u00e8res-biomasses'  height=\"400\" width=\"495\"  itemprop=\"thumbnailUrl\"  \/><\/div><\/div><\/div><\/div>\n\n<\/div><\/div><\/main><!-- close content main element --><\/div><\/div>\n<style type=\"text\/css\" data-created_by=\"avia_inline_auto\" id=\"style-css-av-k724tgvb-7ed25ad1661e171ba43cf360964db082\">\n.avia-section.av-k724tgvb-7ed25ad1661e171ba43cf360964db082{\nbackground-color:#9dc83f;\nbackground-image:unset;\n}\n<\/style>\n<div id='contact_bar'  class='avia-section av-k724tgvb-7ed25ad1661e171ba43cf360964db082 alternate_color avia-section-default avia-no-border-styling  avia-builder-el-6  el_after_av_section  el_before_av_section  avia-bg-style-scroll container_wrap fullsize'  ><div class='container av-section-cont-open' ><div class='template-page content  av-content-full alpha units'><div class='post-entry post-entry-type-page post-entry-4412'><div class='entry-content-wrapper clearfix'>\n\n<style type=\"text\/css\" data-created_by=\"avia_inline_auto\" id=\"style-css-av-5n1ysh-89a05f03110f9c1349107b47662b8b75\">\n.flex_column.av-5n1ysh-89a05f03110f9c1349107b47662b8b75{\nborder-radius:0px 0px 0px 0px;\npadding:0px 0px 0px 0px;\n}\n<\/style>\n<div  class='flex_column av-5n1ysh-89a05f03110f9c1349107b47662b8b75 av_one_fifth  avia-builder-el-7  el_before_av_three_fifth  avia-builder-el-first  first flex_column_div av-zero-column-padding  '     ><\/div>\n<style type=\"text\/css\" data-created_by=\"avia_inline_auto\" id=\"style-css-av-44h5rl-60a04f0bd386d04ac125e4679d74b1a8\">\n.flex_column.av-44h5rl-60a04f0bd386d04ac125e4679d74b1a8{\nborder-radius:0px 0px 0px 0px;\npadding:0px 0px 0px 0px;\nbackground-color:#9dc83f;\n}\n<\/style>\n<div  class='flex_column av-44h5rl-60a04f0bd386d04ac125e4679d74b1a8 av_three_fifth  avia-builder-el-8  el_after_av_one_fifth  el_before_av_one_fifth  flex_column_div av-zero-column-padding  '     ><style type=\"text\/css\" data-created_by=\"avia_inline_auto\" id=\"style-css-av-k724ry4f-443f08822fb83b783a63da862eacf179\">\n.av_promobox.av-k724ry4f-443f08822fb83b783a63da862eacf179{\ncolor:#ffffff;\nbackground:#9dc83f;\nborder-color:#9dc83f;\n}\n<\/style>\n<div  class='av_promobox av-k724ry4f-443f08822fb83b783a63da862eacf179 avia-button-yes  avia-builder-el-9  avia-builder-el-no-sibling '><div class='avia-promocontent'><p>\n\u00bfUna necesidad, una petici\u00f3n de informaci\u00f3n?<br \/>\nContacta con tu especialista en Agroland<\/p>\n<\/div><div  class='avia-button-wrap av-k724ry4f-3320dbd9135894e7e9ed064f077fe16f-wrap avia-button-right '><a href='https:\/\/www.agrolandsas.com\/es\/contacto\/'  class='avia-button av-k724ry4f-3320dbd9135894e7e9ed064f077fe16f av-link-btn avia-icon_select-yes-left-icon avia-size-medium avia-position-right avia-color-theme-color'   aria-label=\"Cont\u00e1ctenos\"><span class='avia_button_icon avia_button_icon_left avia-iconfont avia-font-entypo-fontello' data-av_icon='\ue805' data-av_iconfont='entypo-fontello' ><\/span><span class='avia_iconbox_title' >Cont\u00e1ctenos<\/span><\/a><\/div><\/div><\/div>\n<style type=\"text\/css\" data-created_by=\"avia_inline_auto\" id=\"style-css-av-1xl0e9-968a5bc9abdb491950fea196fc149f2d\">\n.flex_column.av-1xl0e9-968a5bc9abdb491950fea196fc149f2d{\nborder-radius:0px 0px 0px 0px;\npadding:0px 0px 0px 0px;\n}\n<\/style>\n<div  class='flex_column av-1xl0e9-968a5bc9abdb491950fea196fc149f2d av_one_fifth  avia-builder-el-10  el_after_av_three_fifth  avia-builder-el-last  flex_column_div av-zero-column-padding  '     ><\/div><\/div><\/div><\/div><!-- close content main div --><\/div><\/div>\n<style type=\"text\/css\" data-created_by=\"avia_inline_auto\" id=\"style-css-av-k724j9pg-eb6125de0aeca3b05fe53a879044599f\">\n.avia-section.av-k724j9pg-eb6125de0aeca3b05fe53a879044599f{\nbackground-color:#fafafa;\nbackground-image:unset;\n}\n<\/style>\n<div id='matiere_premiere_exemple'  class='avia-section av-k724j9pg-eb6125de0aeca3b05fe53a879044599f alternate_color avia-section-default avia-no-border-styling  avia-builder-el-11  el_after_av_section  avia-builder-el-last  avia-bg-style-scroll container_wrap fullsize'  ><div class='container av-section-cont-open' ><div class='template-page content  av-content-full alpha units'><div class='post-entry post-entry-type-page post-entry-4412'><div class='entry-content-wrapper clearfix'>\n\n<style type=\"text\/css\" data-created_by=\"avia_inline_auto\" id=\"style-css-av-32kpe9-023a1a638de51519538750e9398a45f0\">\n.flex_column.av-32kpe9-023a1a638de51519538750e9398a45f0{\nborder-radius:0px 0px 0px 0px;\npadding:0px 0px 0px 0px;\n}\n<\/style>\n<div  class='flex_column av-32kpe9-023a1a638de51519538750e9398a45f0 av_one_half  avia-builder-el-12  el_before_av_one_half  avia-builder-el-first  first flex_column_div av-zero-column-padding  '     ><style type=\"text\/css\" data-created_by=\"avia_inline_auto\" id=\"style-css-av-k724fa0v-ff2b27a10bc3b62c208627b0f4e577ef\">\n.avia-image-container.av-k724fa0v-ff2b27a10bc3b62c208627b0f4e577ef img.avia_image{\nbox-shadow:none;\n}\n.avia-image-container.av-k724fa0v-ff2b27a10bc3b62c208627b0f4e577ef .av-image-caption-overlay-center{\ncolor:#ffffff;\n}\n<\/style>\n<div  class='avia-image-container av-k724fa0v-ff2b27a10bc3b62c208627b0f4e577ef av-styling- avia-align-center  avia-builder-el-13  avia-builder-el-no-sibling '   itemprop=\"image\" itemscope=\"itemscope\" itemtype=\"https:\/\/schema.org\/ImageObject\" ><div class=\"avia-image-container-inner\"><div class=\"avia-image-overlay-wrap\"><img decoding=\"async\" fetchpriority=\"high\" class='wp-image-4325 avia-img-lazy-loading-not-4325 avia_image ' src=\"https:\/\/www.agrolandsas.com\/public\/uploads\/2020\/03\/mati\u00e8res-premi\u00e8res-\u00e9nergie-2-495x400.jpg\" alt='' title='mati\u00e8res-premi\u00e8res-\u00e9nergie'  height=\"400\" width=\"495\"  itemprop=\"thumbnailUrl\"  \/><\/div><\/div><\/div><\/div>\n<style type=\"text\/css\" data-created_by=\"avia_inline_auto\" id=\"style-css-av-32kpe9-ee2db972d20072ec5298e223cba46c09\">\n.flex_column.av-32kpe9-ee2db972d20072ec5298e223cba46c09{\nborder-radius:0px 0px 0px 0px;\npadding:0px 0px 0px 0px;\n}\n<\/style>\n<div  class='flex_column av-32kpe9-ee2db972d20072ec5298e223cba46c09 av_one_half  avia-builder-el-14  el_after_av_one_half  avia-builder-el-last  flex_column_div av-zero-column-padding  '     ><p>\n<style type=\"text\/css\" data-created_by=\"avia_inline_auto\" id=\"style-css-av-m5xwvzc5-4ff5fab8d860f34b0b8194dc8eae4b2e\">\n#top .av-special-heading.av-m5xwvzc5-4ff5fab8d860f34b0b8194dc8eae4b2e{\npadding-bottom:10px;\n}\nbody .av-special-heading.av-m5xwvzc5-4ff5fab8d860f34b0b8194dc8eae4b2e .av-special-heading-tag .heading-char{\nfont-size:25px;\n}\n.av-special-heading.av-m5xwvzc5-4ff5fab8d860f34b0b8194dc8eae4b2e .av-subheading{\nfont-size:15px;\n}\n<\/style>\n<div  class='av-special-heading av-m5xwvzc5-4ff5fab8d860f34b0b8194dc8eae4b2e av-special-heading-h3 blockquote modern-quote  avia-builder-el-15  el_before_av_textblock  avia-builder-el-first '><h3 class='av-special-heading-tag '  itemprop=\"headline\"  >Algunos ejemplos de materias primas<\/h3><div class=\"special-heading-border\"><div class=\"special-heading-inner-border\"><\/div><\/div><\/div><br \/>\n<section  class='av_textblock_section av-k724fg0h-c2d1d168193d2283d0aa110a8d4a99dc '   itemscope=\"itemscope\" itemtype=\"https:\/\/schema.org\/CreativeWork\" ><div class='avia_textblock'  itemprop=\"text\" ><ul>\n<li>Huesos de frutas<\/li>\n<li>Orujo de aceitunas<\/li>\n<li>Coproductos del az\u00facar para metanizaci\u00f3n<\/li>\n<li>P\u00f3mez de caf\u00e9<\/li>\n<li>C\u00e1scaras de verduras<\/li>\n<\/ul>\n<\/div><\/section><\/p><\/div>\n<\/p>\n","protected":false},"excerpt":{"rendered":"","protected":false},"author":1,"featured_media":0,"parent":0,"menu_order":0,"comment_status":"closed","ping_status":"closed","template":"","meta":{"footnotes":""},"class_list":["post-4412","page","type-page","status-publish","hentry"],"yoast_head":"<!-- This site is optimized with the Yoast SEO plugin v26.5 - https:\/\/yoast.com\/wordpress\/plugins\/seo\/ -->\n<title>Sourcing de mati\u00e8re prem\u00e8res pour la production d&#039;\u00e9nergie - Agroland<\/title>\n<meta name=\"description\" content=\"Agroland, collecte et valorise des Mati\u00e8res Premi\u00e8res, des co-produits mais aussi des sous-produits et d\u00e9chets qu&#039;il livre \u00e0 des producteurs d\u2019\u00e9nergie.\" \/>\n<meta name=\"robots\" content=\"index, follow, max-snippet:-1, max-image-preview:large, max-video-preview:-1\" \/>\n<link rel=\"canonical\" href=\"https:\/\/www.agrolandsas.com\/es\/energia\/\" \/>\n<meta property=\"og:locale\" content=\"es_ES\" \/>\n<meta property=\"og:type\" content=\"article\" \/>\n<meta property=\"og:title\" content=\"Sourcing de mati\u00e8re prem\u00e8res pour la production d&#039;\u00e9nergie - Agroland\" \/>\n<meta property=\"og:description\" content=\"Agroland, collecte et valorise des Mati\u00e8res Premi\u00e8res, des co-produits mais aussi des sous-produits et d\u00e9chets qu&#039;il livre \u00e0 des producteurs d\u2019\u00e9nergie.\" \/>\n<meta property=\"og:url\" content=\"https:\/\/www.agrolandsas.com\/es\/energia\/\" \/>\n<meta property=\"og:site_name\" content=\"Agroland\" \/>\n<meta property=\"article:modified_time\" content=\"2025-01-15T15:47:34+00:00\" \/>\n<meta name=\"twitter:card\" content=\"summary_large_image\" \/>\n<meta name=\"twitter:label1\" content=\"Tiempo de lectura\" \/>\n\t<meta name=\"twitter:data1\" content=\"1 minuto\" \/>\n<script type=\"application\/ld+json\" class=\"yoast-schema-graph\">{\"@context\":\"https:\/\/schema.org\",\"@graph\":[{\"@type\":\"WebPage\",\"@id\":\"https:\/\/www.agrolandsas.com\/es\/energia\/\",\"url\":\"https:\/\/www.agrolandsas.com\/es\/energia\/\",\"name\":\"Sourcing de mati\u00e8re prem\u00e8res pour la production d'\u00e9nergie - Agroland\",\"isPartOf\":{\"@id\":\"https:\/\/www.agrolandsas.com\/#website\"},\"datePublished\":\"2020-02-25T09:19:50+00:00\",\"dateModified\":\"2025-01-15T15:47:34+00:00\",\"description\":\"Agroland, collecte et valorise des Mati\u00e8res Premi\u00e8res, des co-produits mais aussi des sous-produits et d\u00e9chets qu'il livre \u00e0 des producteurs d\u2019\u00e9nergie.\",\"breadcrumb\":{\"@id\":\"https:\/\/www.agrolandsas.com\/es\/energia\/#breadcrumb\"},\"inLanguage\":\"es\",\"potentialAction\":[{\"@type\":\"ReadAction\",\"target\":[\"https:\/\/www.agrolandsas.com\/es\/energia\/\"]}]},{\"@type\":\"BreadcrumbList\",\"@id\":\"https:\/\/www.agrolandsas.com\/es\/energia\/#breadcrumb\",\"itemListElement\":[{\"@type\":\"ListItem\",\"position\":1,\"name\":\"Accueil\",\"item\":\"https:\/\/www.agrolandsas.com\/\"},{\"@type\":\"ListItem\",\"position\":2,\"name\":\"Energ\u00eda\"}]},{\"@type\":\"WebSite\",\"@id\":\"https:\/\/www.agrolandsas.com\/#website\",\"url\":\"https:\/\/www.agrolandsas.com\/\",\"name\":\"Agroland\",\"description\":\"\",\"potentialAction\":[{\"@type\":\"SearchAction\",\"target\":{\"@type\":\"EntryPoint\",\"urlTemplate\":\"https:\/\/www.agrolandsas.com\/?s={search_term_string}\"},\"query-input\":{\"@type\":\"PropertyValueSpecification\",\"valueRequired\":true,\"valueName\":\"search_term_string\"}}],\"inLanguage\":\"es\"}]}<\/script>\n<!-- \/ Yoast SEO plugin. -->","yoast_head_json":{"title":"Sourcing de mati\u00e8re prem\u00e8res pour la production d'\u00e9nergie - Agroland","description":"Agroland, collecte et valorise des Mati\u00e8res Premi\u00e8res, des co-produits mais aussi des sous-produits et d\u00e9chets qu'il livre \u00e0 des producteurs d\u2019\u00e9nergie.","robots":{"index":"index","follow":"follow","max-snippet":"max-snippet:-1","max-image-preview":"max-image-preview:large","max-video-preview":"max-video-preview:-1"},"canonical":"https:\/\/www.agrolandsas.com\/es\/energia\/","og_locale":"es_ES","og_type":"article","og_title":"Sourcing de mati\u00e8re prem\u00e8res pour la production d'\u00e9nergie - Agroland","og_description":"Agroland, collecte et valorise des Mati\u00e8res Premi\u00e8res, des co-produits mais aussi des sous-produits et d\u00e9chets qu'il livre \u00e0 des producteurs d\u2019\u00e9nergie.","og_url":"https:\/\/www.agrolandsas.com\/es\/energia\/","og_site_name":"Agroland","article_modified_time":"2025-01-15T15:47:34+00:00","twitter_card":"summary_large_image","twitter_misc":{"Tiempo de lectura":"1 minuto"},"schema":{"@context":"https:\/\/schema.org","@graph":[{"@type":"WebPage","@id":"https:\/\/www.agrolandsas.com\/es\/energia\/","url":"https:\/\/www.agrolandsas.com\/es\/energia\/","name":"Sourcing de mati\u00e8re prem\u00e8res pour la production d'\u00e9nergie - Agroland","isPartOf":{"@id":"https:\/\/www.agrolandsas.com\/#website"},"datePublished":"2020-02-25T09:19:50+00:00","dateModified":"2025-01-15T15:47:34+00:00","description":"Agroland, collecte et valorise des Mati\u00e8res Premi\u00e8res, des co-produits mais aussi des sous-produits et d\u00e9chets qu'il livre \u00e0 des producteurs d\u2019\u00e9nergie.","breadcrumb":{"@id":"https:\/\/www.agrolandsas.com\/es\/energia\/#breadcrumb"},"inLanguage":"es","potentialAction":[{"@type":"ReadAction","target":["https:\/\/www.agrolandsas.com\/es\/energia\/"]}]},{"@type":"BreadcrumbList","@id":"https:\/\/www.agrolandsas.com\/es\/energia\/#breadcrumb","itemListElement":[{"@type":"ListItem","position":1,"name":"Accueil","item":"https:\/\/www.agrolandsas.com\/"},{"@type":"ListItem","position":2,"name":"Energ\u00eda"}]},{"@type":"WebSite","@id":"https:\/\/www.agrolandsas.com\/#website","url":"https:\/\/www.agrolandsas.com\/","name":"Agroland","description":"","potentialAction":[{"@type":"SearchAction","target":{"@type":"EntryPoint","urlTemplate":"https:\/\/www.agrolandsas.com\/?s={search_term_string}"},"query-input":{"@type":"PropertyValueSpecification","valueRequired":true,"valueName":"search_term_string"}}],"inLanguage":"es"}]}},"_links":{"self":[{"href":"https:\/\/www.agrolandsas.com\/es\/wp-json\/wp\/v2\/pages\/4412","targetHints":{"allow":["GET"]}}],"collection":[{"href":"https:\/\/www.agrolandsas.com\/es\/wp-json\/wp\/v2\/pages"}],"about":[{"href":"https:\/\/www.agrolandsas.com\/es\/wp-json\/wp\/v2\/types\/page"}],"author":[{"embeddable":true,"href":"https:\/\/www.agrolandsas.com\/es\/wp-json\/wp\/v2\/users\/1"}],"replies":[{"embeddable":true,"href":"https:\/\/www.agrolandsas.com\/es\/wp-json\/wp\/v2\/comments?post=4412"}],"version-history":[{"count":4,"href":"https:\/\/www.agrolandsas.com\/es\/wp-json\/wp\/v2\/pages\/4412\/revisions"}],"predecessor-version":[{"id":4492,"href":"https:\/\/www.agrolandsas.com\/es\/wp-json\/wp\/v2\/pages\/4412\/revisions\/4492"}],"wp:attachment":[{"href":"https:\/\/www.agrolandsas.com\/es\/wp-json\/wp\/v2\/media?parent=4412"}],"curies":[{"name":"wp","href":"https:\/\/api.w.org\/{rel}","templated":true}]}}