{"id":4414,"date":"2020-02-25T10:19:29","date_gmt":"2020-02-25T09:19:29","guid":{"rendered":"https:\/\/www.agrolandsas.com\/produits-mineraux-et-commodites\/"},"modified":"2025-01-15T16:57:47","modified_gmt":"2025-01-15T15:57:47","slug":"productos-minerales-y-materias-primas","status":"publish","type":"page","link":"https:\/\/www.agrolandsas.com\/es\/productos-minerales-y-materias-primas\/","title":{"rendered":"Productos minerales y materias primas"},"content":{"rendered":"<div id='produits_mineraux_negoce'  class='avia-section av-63qj5t-94cd48e8a130d1fb834bd9c220e3b2cd main_color avia-section-default avia-no-border-styling  avia-builder-el-0  el_before_av_section  avia-builder-el-first  avia-bg-style-scroll container_wrap fullsize'  ><div class='container av-section-cont-open' ><main  role=\"main\" itemprop=\"mainContentOfPage\"  class='template-page content  av-content-full alpha units'><div class='post-entry post-entry-type-page post-entry-4414'><div class='entry-content-wrapper clearfix'>\n\n<style type=\"text\/css\" data-created_by=\"avia_inline_auto\" id=\"style-css-av-4smach-b5ef716b1a3d03967242f2983c217b31\">\n.flex_column.av-4smach-b5ef716b1a3d03967242f2983c217b31{\nborder-radius:0px 0px 0px 0px;\npadding:0px 0px 0px 0px;\n}\n<\/style>\n<div  class='flex_column av-4smach-b5ef716b1a3d03967242f2983c217b31 av_one_half  avia-builder-el-1  el_before_av_one_half  avia-builder-el-first  first flex_column_div av-zero-column-padding  '     ><p>\n<style type=\"text\/css\" data-created_by=\"avia_inline_auto\" id=\"style-css-av-m5y2znb4-cc543ba2672d29cddebebaa2d009ce71\">\n#top .av-special-heading.av-m5y2znb4-cc543ba2672d29cddebebaa2d009ce71{\npadding-bottom:10px;\n}\nbody .av-special-heading.av-m5y2znb4-cc543ba2672d29cddebebaa2d009ce71 .av-special-heading-tag .heading-char{\nfont-size:25px;\n}\n.av-special-heading.av-m5y2znb4-cc543ba2672d29cddebebaa2d009ce71 .av-subheading{\nfont-size:15px;\n}\n<\/style>\n<div  class='av-special-heading av-m5y2znb4-cc543ba2672d29cddebebaa2d009ce71 av-special-heading-h2 blockquote modern-quote  avia-builder-el-2  el_before_av_textblock  avia-builder-el-first '><h2 class='av-special-heading-tag '  itemprop=\"headline\"  >COMERCIO Y TRANSPORTE DE PRODUCTOS MINERALES Y comodidades<\/h2><div class=\"special-heading-border\"><div class=\"special-heading-inner-border\"><\/div><\/div><\/div><br \/>\n<section  class='av_textblock_section av-k724fg0h-c2d1d168193d2283d0aa110a8d4a99dc '   itemscope=\"itemscope\" itemtype=\"https:\/\/schema.org\/CreativeWork\" ><div class='avia_textblock'  itemprop=\"text\" ><p>Los productos minerales, como su nombre indica, son fertilizantes de origen mineral. Se producen mediante s\u00edntesis qu\u00edmica o mediante la explotaci\u00f3n de yacimientos naturales.<\/p>\n<p>Comprometidos con la preservaci\u00f3n del planeta, hemos desarrollado yacimientos dentro de la econom\u00eda circular durante muchos a\u00f1os (conchas de ostras trituradas, sales binarias, etc.). Trabajamos con los industriales para calificar sus yacimientos de co-productos, normalizarlos y hacerlos utilizables y valorizables para la fabricaci\u00f3n de fertilizantes.<\/p>\n<p>Con el fin de ofrecer una soluci\u00f3n integral a nuestros clientes, trabajamos directamente con los mayores fabricantes mundiales de commodities y especialidades. Esto nos permite entregar la gama m\u00e1s amplia de fertilizantes a granel y BB, y tener siempre fuentes<br \/>\ndisponibles en los diferentes puertos. Seg\u00fan sus necesidades, identificamos y buscamos las materias primas necesarias para Sus fabricaciones de minerales y organominerales.<\/p>\n<\/div><\/section><\/p><\/div>\n<style type=\"text\/css\" data-created_by=\"avia_inline_auto\" id=\"style-css-av-32kpe9-ee2db972d20072ec5298e223cba46c09\">\n.flex_column.av-32kpe9-ee2db972d20072ec5298e223cba46c09{\nborder-radius:0px 0px 0px 0px;\npadding:0px 0px 0px 0px;\n}\n<\/style>\n<div  class='flex_column av-32kpe9-ee2db972d20072ec5298e223cba46c09 av_one_half  avia-builder-el-4  el_after_av_one_half  avia-builder-el-last  flex_column_div av-zero-column-padding  '     ><style type=\"text\/css\" data-created_by=\"avia_inline_auto\" id=\"style-css-av-k724fa0v-f65e2a4d31c83d50fcb024503e2d957a\">\n.avia-image-container.av-k724fa0v-f65e2a4d31c83d50fcb024503e2d957a img.avia_image{\nbox-shadow:none;\n}\n.avia-image-container.av-k724fa0v-f65e2a4d31c83d50fcb024503e2d957a .av-image-caption-overlay-center{\ncolor:#ffffff;\n}\n<\/style>\n<div  class='avia-image-container av-k724fa0v-f65e2a4d31c83d50fcb024503e2d957a av-styling- avia-align-center  avia-builder-el-5  avia-builder-el-no-sibling '   itemprop=\"image\" itemscope=\"itemscope\" itemtype=\"https:\/\/schema.org\/ImageObject\" ><div class=\"avia-image-container-inner\"><div class=\"avia-image-overlay-wrap\"><img decoding=\"async\" fetchpriority=\"high\" class='wp-image-4335 avia-img-lazy-loading-not-4335 avia_image ' src=\"https:\/\/www.agrolandsas.com\/public\/uploads\/2020\/03\/n\u00e9goces-transport-produits-min\u00e9raux-commodit\u00e9s-495x400.jpg\" alt='' title='n\u00e9goces-transport-produits-min\u00e9raux-commodit\u00e9s'  height=\"400\" width=\"495\"  itemprop=\"thumbnailUrl\"  \/><\/div><\/div><\/div><\/div><\/div><\/div><\/main><!-- close content main element --><\/div><\/div>\n<style type=\"text\/css\" data-created_by=\"avia_inline_auto\" id=\"style-css-av-k724tgvb-7ed25ad1661e171ba43cf360964db082\">\n.avia-section.av-k724tgvb-7ed25ad1661e171ba43cf360964db082{\nbackground-color:#9dc83f;\nbackground-image:unset;\n}\n<\/style>\n<div id='contact_bar'  class='avia-section av-k724tgvb-7ed25ad1661e171ba43cf360964db082 alternate_color avia-section-default avia-no-border-styling  avia-builder-el-6  el_after_av_section  el_before_av_section  avia-bg-style-scroll container_wrap fullsize'  ><div class='container av-section-cont-open' ><div class='template-page content  av-content-full alpha units'><div class='post-entry post-entry-type-page post-entry-4414'><div class='entry-content-wrapper clearfix'>\n\n<style type=\"text\/css\" data-created_by=\"avia_inline_auto\" id=\"style-css-av-5n1ysh-89a05f03110f9c1349107b47662b8b75\">\n.flex_column.av-5n1ysh-89a05f03110f9c1349107b47662b8b75{\nborder-radius:0px 0px 0px 0px;\npadding:0px 0px 0px 0px;\n}\n<\/style>\n<div  class='flex_column av-5n1ysh-89a05f03110f9c1349107b47662b8b75 av_one_fifth  avia-builder-el-7  el_before_av_three_fifth  avia-builder-el-first  first flex_column_div av-zero-column-padding  '     ><\/div>\n<style type=\"text\/css\" data-created_by=\"avia_inline_auto\" id=\"style-css-av-44h5rl-60a04f0bd386d04ac125e4679d74b1a8\">\n.flex_column.av-44h5rl-60a04f0bd386d04ac125e4679d74b1a8{\nborder-radius:0px 0px 0px 0px;\npadding:0px 0px 0px 0px;\nbackground-color:#9dc83f;\n}\n<\/style>\n<div  class='flex_column av-44h5rl-60a04f0bd386d04ac125e4679d74b1a8 av_three_fifth  avia-builder-el-8  el_after_av_one_fifth  el_before_av_one_fifth  flex_column_div av-zero-column-padding  '     ><style type=\"text\/css\" data-created_by=\"avia_inline_auto\" id=\"style-css-av-k724ry4f-443f08822fb83b783a63da862eacf179\">\n.av_promobox.av-k724ry4f-443f08822fb83b783a63da862eacf179{\ncolor:#ffffff;\nbackground:#9dc83f;\nborder-color:#9dc83f;\n}\n<\/style>\n<div  class='av_promobox av-k724ry4f-443f08822fb83b783a63da862eacf179 avia-button-yes  avia-builder-el-9  avia-builder-el-no-sibling '><div class='avia-promocontent'><p>\n\u00bfUna necesidad, una petici\u00f3n de informaci\u00f3n?<br \/>\nContacta con tu especialista en Agroland<\/p>\n<\/div><div  class='avia-button-wrap av-k724ry4f-3320dbd9135894e7e9ed064f077fe16f-wrap avia-button-right '><a href='https:\/\/www.agrolandsas.com\/es\/contacto\/'  class='avia-button av-k724ry4f-3320dbd9135894e7e9ed064f077fe16f av-link-btn avia-icon_select-yes-left-icon avia-size-medium avia-position-right avia-color-theme-color'   aria-label=\"Cont\u00e1ctenos\"><span class='avia_button_icon avia_button_icon_left avia-iconfont avia-font-entypo-fontello' data-av_icon='\ue805' data-av_iconfont='entypo-fontello' ><\/span><span class='avia_iconbox_title' >Cont\u00e1ctenos<\/span><\/a><\/div><\/div><\/div>\n<style type=\"text\/css\" data-created_by=\"avia_inline_auto\" id=\"style-css-av-1xl0e9-968a5bc9abdb491950fea196fc149f2d\">\n.flex_column.av-1xl0e9-968a5bc9abdb491950fea196fc149f2d{\nborder-radius:0px 0px 0px 0px;\npadding:0px 0px 0px 0px;\n}\n<\/style>\n<div  class='flex_column av-1xl0e9-968a5bc9abdb491950fea196fc149f2d av_one_fifth  avia-builder-el-10  el_after_av_three_fifth  avia-builder-el-last  flex_column_div av-zero-column-padding  '     ><\/div><\/div><\/div><\/div><!-- close content main div --><\/div><\/div><div id='exemples_produits_mineraux'  class='avia-section av-k724j9pg-761f075ebb6643956add80d814299a27 alternate_color avia-section-default avia-no-border-styling  avia-builder-el-11  el_after_av_section  avia-builder-el-last  avia-bg-style-scroll container_wrap fullsize'  ><div class='container av-section-cont-open' ><div class='template-page content  av-content-full alpha units'><div class='post-entry post-entry-type-page post-entry-4414'><div class='entry-content-wrapper clearfix'>\n\n<style type=\"text\/css\" data-created_by=\"avia_inline_auto\" id=\"style-css-av-32kpe9-023a1a638de51519538750e9398a45f0\">\n.flex_column.av-32kpe9-023a1a638de51519538750e9398a45f0{\nborder-radius:0px 0px 0px 0px;\npadding:0px 0px 0px 0px;\n}\n<\/style>\n<div  class='flex_column av-32kpe9-023a1a638de51519538750e9398a45f0 av_one_half  avia-builder-el-12  el_before_av_one_half  avia-builder-el-first  first flex_column_div av-zero-column-padding  '     ><p>\n<style type=\"text\/css\" data-created_by=\"avia_inline_auto\" id=\"style-css-av-m5y3441i-bcf3b1b544eac54b6324a5850f8c54b6\">\n#top .av-special-heading.av-m5y3441i-bcf3b1b544eac54b6324a5850f8c54b6{\npadding-bottom:10px;\n}\nbody .av-special-heading.av-m5y3441i-bcf3b1b544eac54b6324a5850f8c54b6 .av-special-heading-tag .heading-char{\nfont-size:25px;\n}\n.av-special-heading.av-m5y3441i-bcf3b1b544eac54b6324a5850f8c54b6 .av-subheading{\nfont-size:15px;\n}\n<\/style>\n<div  class='av-special-heading av-m5y3441i-bcf3b1b544eac54b6324a5850f8c54b6 av-special-heading-h3 blockquote modern-quote  avia-builder-el-13  el_before_av_textblock  avia-builder-el-first '><h3 class='av-special-heading-tag '  itemprop=\"headline\"  >Algunos ejemplos de productos minerales<\/h3><div class=\"special-heading-border\"><div class=\"special-heading-inner-border\"><\/div><\/div><\/div><br \/>\n<section  class='av_textblock_section av-k724fg0h-c2d1d168193d2283d0aa110a8d4a99dc '   itemscope=\"itemscope\" itemtype=\"https:\/\/schema.org\/CreativeWork\" ><div class='avia_textblock'  itemprop=\"text\" ><ul>\n<li>C\u00e1scaras de ostras trituradas y secadas UAB (varios calibres)<\/li>\n<li>Yeso y anhidrita mineral de diferentes calibres<\/li>\n<li>Lithotame UAB<\/li>\n<li>Arena de concha y maerl UAB<\/li>\n<li>Fosfato natural blando UAB<\/li>\n<li>Cenizas UAB y no UAB<\/li>\n<li>Cloruro de potasio KCl<\/li>\n<li>Sulfato de amonio cristalizado<\/li>\n<li>Sulfato de amonio l\u00edquido<\/li>\n<li>SA8% y SA15% l\u00edquido<\/li>\n<li>DAP\/TSP<\/li>\n<li>Urea 46% (granulada y perlada)<\/li>\n<\/ul>\n<\/div><\/section><\/p><\/div>\n<style type=\"text\/css\" data-created_by=\"avia_inline_auto\" id=\"style-css-av-32kpe9-ee2db972d20072ec5298e223cba46c09\">\n.flex_column.av-32kpe9-ee2db972d20072ec5298e223cba46c09{\nborder-radius:0px 0px 0px 0px;\npadding:0px 0px 0px 0px;\n}\n<\/style>\n<div  class='flex_column av-32kpe9-ee2db972d20072ec5298e223cba46c09 av_one_half  avia-builder-el-15  el_after_av_one_half  el_before_av_one_full  flex_column_div av-zero-column-padding  '     ><section  class='av_textblock_section av-k7fzrm32-d86aeab24eaafd16acfefa095cf5d0c3 '   itemscope=\"itemscope\" itemtype=\"https:\/\/schema.org\/CreativeWork\" ><div class='avia_textblock'  itemprop=\"text\" ><ul>\n<li>Amonitratos<\/li>\n<li>Tiosulfatos l\u00edquidos<\/li>\n<li>Sales binarias<\/li>\n<li>K14 UAB<\/li>\n<li>Sulfato de potasio SK52 UAB soluble<\/li>\n<li>MAP Soluble<\/li>\n<li>Kieserita<\/li>\n<li>Arcilla :\n<ul>\n<li>Zeolita de diversas granulaciones<\/li>\n<li>Sepiolita de diversas granulaciones<\/li>\n<li>Bentonita<\/li>\n<li>Oligoelementos<\/li>\n<\/ul>\n<\/li>\n<\/ul>\n<\/div><\/section><\/div>\n<style type=\"text\/css\" data-created_by=\"avia_inline_auto\" id=\"style-css-av-3vz38z-31880db35745e4ea23c1bf6650150931\">\n.flex_column.av-3vz38z-31880db35745e4ea23c1bf6650150931{\nborder-radius:0px 0px 0px 0px;\npadding:0px 0px 0px 0px;\n}\n<\/style>\n<div  class='flex_column av-3vz38z-31880db35745e4ea23c1bf6650150931 av_one_full  avia-builder-el-17  el_after_av_one_half  avia-builder-el-last  first flex_column_div av-zero-column-padding  column-top-margin'     ><div id='av-masonry-1' class='av-masonry av-k7kq54ad-b4e741821d4f1f8c0b1978f3b610b994 noHover av-fixed-size av-large-gap av-hover-overlay-active av-masonry-animation-active av-masonry-col-3 av-caption-always av-caption-style- av-masonry-gallery ' data-post_id=\"4414\"><div class=\"av-masonry-container isotope av-js-disabled\"><div class='av-masonry-entry isotope-item av-masonry-item-no-image '><\/div><a href=\"https:\/\/www.agrolandsas.com\/public\/uploads\/2020\/03\/produits-min\u00e9raux.jpg\" data-srcset=\"https:\/\/www.agrolandsas.com\/public\/uploads\/2020\/03\/produits-min\u00e9raux.jpg 850w, https:\/\/www.agrolandsas.com\/public\/uploads\/2020\/03\/produits-min\u00e9raux-300x199.jpg 300w, https:\/\/www.agrolandsas.com\/public\/uploads\/2020\/03\/produits-min\u00e9raux-768x509.jpg 768w, https:\/\/www.agrolandsas.com\/public\/uploads\/2020\/03\/produits-min\u00e9raux-705x467.jpg 705w\" data-sizes=\"(max-width: 850px) 100vw, 850px\"  aria-label=\"image produits-min\u00e9raux\"  id='av-masonry-1-item-4339' data-av-masonry-item='4339' class='av-masonry-entry isotope-item post-4339 attachment type-attachment status-inherit hentry  av-masonry-item-with-image av-grid-img' title=\"produits-min\u00e9raux\" alt=\"\"    itemprop=\"thumbnailUrl\" ><div class='av-inner-masonry-sizer'><\/div><figure class='av-inner-masonry main_color'><div class=\"av-masonry-outerimage-container\"><div class='av-masonry-image-container' style=\"background-image: url(https:\/\/www.agrolandsas.com\/public\/uploads\/2020\/03\/produits-min\u00e9raux-705x467.jpg);\"  title=\"produits-min\u00e9raux\" ><\/div><\/div><\/figure><\/a><!--end av-masonry entry--><a href=\"https:\/\/www.agrolandsas.com\/public\/uploads\/2020\/03\/produits-min\u00e9raux2.jpg\" data-srcset=\"https:\/\/www.agrolandsas.com\/public\/uploads\/2020\/03\/produits-min\u00e9raux2.jpg 848w, https:\/\/www.agrolandsas.com\/public\/uploads\/2020\/03\/produits-min\u00e9raux2-300x200.jpg 300w, https:\/\/www.agrolandsas.com\/public\/uploads\/2020\/03\/produits-min\u00e9raux2-768x512.jpg 768w, https:\/\/www.agrolandsas.com\/public\/uploads\/2020\/03\/produits-min\u00e9raux2-705x470.jpg 705w\" data-sizes=\"(max-width: 848px) 100vw, 848px\"  aria-label=\"image produits-min\u00e9raux\"  id='av-masonry-1-item-4341' data-av-masonry-item='4341' class='av-masonry-entry isotope-item post-4341 attachment type-attachment status-inherit hentry  av-masonry-item-with-image av-grid-img' title=\"produits-min\u00e9raux\" alt=\"\"    itemprop=\"thumbnailUrl\" ><div class='av-inner-masonry-sizer'><\/div><figure class='av-inner-masonry main_color'><div class=\"av-masonry-outerimage-container\"><div class='av-masonry-image-container' style=\"background-image: url(https:\/\/www.agrolandsas.com\/public\/uploads\/2020\/03\/produits-min\u00e9raux2-705x470.jpg);\"  title=\"produits-min\u00e9raux\" ><\/div><\/div><\/figure><\/a><!--end av-masonry entry--><a href=\"https:\/\/www.agrolandsas.com\/public\/uploads\/2020\/02\/produits-mineraux-et-commodites.jpg\" data-srcset=\"https:\/\/www.agrolandsas.com\/public\/uploads\/2020\/02\/produits-mineraux-et-commodites.jpg 600w, https:\/\/www.agrolandsas.com\/public\/uploads\/2020\/02\/produits-mineraux-et-commodites-300x185.jpg 300w\" data-sizes=\"(max-width: 600px) 100vw, 600px\"  aria-label=\"image produits-mineraux-et-commodites\"  id='av-masonry-1-item-4295' data-av-masonry-item='4295' class='av-masonry-entry isotope-item post-4295 attachment type-attachment status-inherit hentry  av-masonry-item-with-image av-grid-img' title=\"produits-mineraux-et-commodites\" alt=\"\"    itemprop=\"thumbnailUrl\" ><div class='av-inner-masonry-sizer'><\/div><figure class='av-inner-masonry main_color'><div class=\"av-masonry-outerimage-container\"><div class='av-masonry-image-container' style=\"background-image: url(https:\/\/www.agrolandsas.com\/public\/uploads\/2020\/02\/produits-mineraux-et-commodites.jpg);\"  title=\"produits-mineraux-et-commodites\" ><\/div><\/div><\/figure><\/a><!--end av-masonry entry--><\/div><\/div><\/div><\/p>\n","protected":false},"excerpt":{"rendered":"","protected":false},"author":1,"featured_media":0,"parent":0,"menu_order":0,"comment_status":"closed","ping_status":"closed","template":"","meta":{"footnotes":""},"class_list":["post-4414","page","type-page","status-publish","hentry"],"yoast_head":"<!-- This site is optimized with the Yoast SEO plugin v26.5 - https:\/\/yoast.com\/wordpress\/plugins\/seo\/ -->\n<title>Produits Min\u00e9raux et Commodit\u00e9s, Engrais d&#039;origine min\u00e9rales - Agroland<\/title>\n<meta name=\"description\" content=\"Agroland, s\u00e9lectionne et valorise des gisements de co-produits industriels min\u00e9raux pour la fabrication de fertilisants ou engrais.\" \/>\n<meta name=\"robots\" content=\"index, follow, max-snippet:-1, max-image-preview:large, max-video-preview:-1\" \/>\n<link rel=\"canonical\" href=\"https:\/\/www.agrolandsas.com\/es\/productos-minerales-y-materias-primas\/\" \/>\n<meta property=\"og:locale\" content=\"es_ES\" \/>\n<meta property=\"og:type\" content=\"article\" \/>\n<meta property=\"og:title\" content=\"Produits Min\u00e9raux et Commodit\u00e9s, Engrais d&#039;origine min\u00e9rales - Agroland\" \/>\n<meta property=\"og:description\" content=\"Agroland, s\u00e9lectionne et valorise des gisements de co-produits industriels min\u00e9raux pour la fabrication de fertilisants ou engrais.\" \/>\n<meta property=\"og:url\" content=\"https:\/\/www.agrolandsas.com\/es\/productos-minerales-y-materias-primas\/\" \/>\n<meta property=\"og:site_name\" content=\"Agroland\" \/>\n<meta property=\"article:modified_time\" content=\"2025-01-15T15:57:47+00:00\" \/>\n<meta name=\"twitter:card\" content=\"summary_large_image\" \/>\n<meta name=\"twitter:label1\" content=\"Tiempo de lectura\" \/>\n\t<meta name=\"twitter:data1\" content=\"2 minutos\" \/>\n<script type=\"application\/ld+json\" class=\"yoast-schema-graph\">{\"@context\":\"https:\/\/schema.org\",\"@graph\":[{\"@type\":\"WebPage\",\"@id\":\"https:\/\/www.agrolandsas.com\/es\/productos-minerales-y-materias-primas\/\",\"url\":\"https:\/\/www.agrolandsas.com\/es\/productos-minerales-y-materias-primas\/\",\"name\":\"Produits Min\u00e9raux et Commodit\u00e9s, Engrais d'origine min\u00e9rales - Agroland\",\"isPartOf\":{\"@id\":\"https:\/\/www.agrolandsas.com\/#website\"},\"datePublished\":\"2020-02-25T09:19:29+00:00\",\"dateModified\":\"2025-01-15T15:57:47+00:00\",\"description\":\"Agroland, s\u00e9lectionne et valorise des gisements de co-produits industriels min\u00e9raux pour la fabrication de fertilisants ou engrais.\",\"breadcrumb\":{\"@id\":\"https:\/\/www.agrolandsas.com\/es\/productos-minerales-y-materias-primas\/#breadcrumb\"},\"inLanguage\":\"es\",\"potentialAction\":[{\"@type\":\"ReadAction\",\"target\":[\"https:\/\/www.agrolandsas.com\/es\/productos-minerales-y-materias-primas\/\"]}]},{\"@type\":\"BreadcrumbList\",\"@id\":\"https:\/\/www.agrolandsas.com\/es\/productos-minerales-y-materias-primas\/#breadcrumb\",\"itemListElement\":[{\"@type\":\"ListItem\",\"position\":1,\"name\":\"Accueil\",\"item\":\"https:\/\/www.agrolandsas.com\/\"},{\"@type\":\"ListItem\",\"position\":2,\"name\":\"Productos minerales y materias primas\"}]},{\"@type\":\"WebSite\",\"@id\":\"https:\/\/www.agrolandsas.com\/#website\",\"url\":\"https:\/\/www.agrolandsas.com\/\",\"name\":\"Agroland\",\"description\":\"\",\"potentialAction\":[{\"@type\":\"SearchAction\",\"target\":{\"@type\":\"EntryPoint\",\"urlTemplate\":\"https:\/\/www.agrolandsas.com\/?s={search_term_string}\"},\"query-input\":{\"@type\":\"PropertyValueSpecification\",\"valueRequired\":true,\"valueName\":\"search_term_string\"}}],\"inLanguage\":\"es\"}]}<\/script>\n<!-- \/ Yoast SEO plugin. -->","yoast_head_json":{"title":"Produits Min\u00e9raux et Commodit\u00e9s, Engrais d'origine min\u00e9rales - Agroland","description":"Agroland, s\u00e9lectionne et valorise des gisements de co-produits industriels min\u00e9raux pour la fabrication de fertilisants ou engrais.","robots":{"index":"index","follow":"follow","max-snippet":"max-snippet:-1","max-image-preview":"max-image-preview:large","max-video-preview":"max-video-preview:-1"},"canonical":"https:\/\/www.agrolandsas.com\/es\/productos-minerales-y-materias-primas\/","og_locale":"es_ES","og_type":"article","og_title":"Produits Min\u00e9raux et Commodit\u00e9s, Engrais d'origine min\u00e9rales - Agroland","og_description":"Agroland, s\u00e9lectionne et valorise des gisements de co-produits industriels min\u00e9raux pour la fabrication de fertilisants ou engrais.","og_url":"https:\/\/www.agrolandsas.com\/es\/productos-minerales-y-materias-primas\/","og_site_name":"Agroland","article_modified_time":"2025-01-15T15:57:47+00:00","twitter_card":"summary_large_image","twitter_misc":{"Tiempo de lectura":"2 minutos"},"schema":{"@context":"https:\/\/schema.org","@graph":[{"@type":"WebPage","@id":"https:\/\/www.agrolandsas.com\/es\/productos-minerales-y-materias-primas\/","url":"https:\/\/www.agrolandsas.com\/es\/productos-minerales-y-materias-primas\/","name":"Produits Min\u00e9raux et Commodit\u00e9s, Engrais d'origine min\u00e9rales - Agroland","isPartOf":{"@id":"https:\/\/www.agrolandsas.com\/#website"},"datePublished":"2020-02-25T09:19:29+00:00","dateModified":"2025-01-15T15:57:47+00:00","description":"Agroland, s\u00e9lectionne et valorise des gisements de co-produits industriels min\u00e9raux pour la fabrication de fertilisants ou engrais.","breadcrumb":{"@id":"https:\/\/www.agrolandsas.com\/es\/productos-minerales-y-materias-primas\/#breadcrumb"},"inLanguage":"es","potentialAction":[{"@type":"ReadAction","target":["https:\/\/www.agrolandsas.com\/es\/productos-minerales-y-materias-primas\/"]}]},{"@type":"BreadcrumbList","@id":"https:\/\/www.agrolandsas.com\/es\/productos-minerales-y-materias-primas\/#breadcrumb","itemListElement":[{"@type":"ListItem","position":1,"name":"Accueil","item":"https:\/\/www.agrolandsas.com\/"},{"@type":"ListItem","position":2,"name":"Productos minerales y materias primas"}]},{"@type":"WebSite","@id":"https:\/\/www.agrolandsas.com\/#website","url":"https:\/\/www.agrolandsas.com\/","name":"Agroland","description":"","potentialAction":[{"@type":"SearchAction","target":{"@type":"EntryPoint","urlTemplate":"https:\/\/www.agrolandsas.com\/?s={search_term_string}"},"query-input":{"@type":"PropertyValueSpecification","valueRequired":true,"valueName":"search_term_string"}}],"inLanguage":"es"}]}},"_links":{"self":[{"href":"https:\/\/www.agrolandsas.com\/es\/wp-json\/wp\/v2\/pages\/4414","targetHints":{"allow":["GET"]}}],"collection":[{"href":"https:\/\/www.agrolandsas.com\/es\/wp-json\/wp\/v2\/pages"}],"about":[{"href":"https:\/\/www.agrolandsas.com\/es\/wp-json\/wp\/v2\/types\/page"}],"author":[{"embeddable":true,"href":"https:\/\/www.agrolandsas.com\/es\/wp-json\/wp\/v2\/users\/1"}],"replies":[{"embeddable":true,"href":"https:\/\/www.agrolandsas.com\/es\/wp-json\/wp\/v2\/comments?post=4414"}],"version-history":[{"count":3,"href":"https:\/\/www.agrolandsas.com\/es\/wp-json\/wp\/v2\/pages\/4414\/revisions"}],"predecessor-version":[{"id":4493,"href":"https:\/\/www.agrolandsas.com\/es\/wp-json\/wp\/v2\/pages\/4414\/revisions\/4493"}],"wp:attachment":[{"href":"https:\/\/www.agrolandsas.com\/es\/wp-json\/wp\/v2\/media?parent=4414"}],"curies":[{"name":"wp","href":"https:\/\/api.w.org\/{rel}","templated":true}]}}